{"id":2316,"date":"2024-10-15T03:39:08","date_gmt":"2024-10-15T03:39:08","guid":{"rendered":"http:\/\/www.kmdpower.com\/?post_type=product&#038;p=2316"},"modified":"2025-01-19T07:06:27","modified_gmt":"2025-01-19T07:06:27","slug":"48v-200ah-10kwh-5kwh-lithium-lifepo4-batteryall-in-one-solar-storage-system-hybrid-system-built-in-inverter-product","status":"publish","type":"product","link":"https:\/\/www.kmdpower.com\/da\/48v-200ah-10kwh-5kwh-lithium-lifepo4-batteryall-in-one-solar-storage-system-hybrid-system-built-in-inverter-product\/","title":{"rendered":"48V 200Ah 10kwh 5kwh Lithium Lifepo4-batteri Alt i \u00e9t solopbevaringssystem Hybridsystem Indbygget inverter"},"content":{"rendered":"<p><a href=\"https:\/\/www.kmdpower.com\/da\/contact-us\/\"><img fetchpriority=\"high\" decoding=\"async\" class=\"aligncenter\" src=\"http:\/\/www.kmdpower.com\/wp-content\/uploads\/Contact-US-Kamada-Power-Shenzhen-Kamada-Electronic-Co-Ltd.jpg\" alt=\"\" width=\"1000\" height=\"200\" \/><\/a><\/p>\n<p><img decoding=\"async\" class=\"aligncenter wp-image-2317 size-full\" src=\"http:\/\/www.kmdpower.com\/wp-content\/uploads\/kamada-power-all-in-one-solar-power-system-Y001.jpg\" alt=\"Kamada Power alt-i-et-solcelleanl\u00e6g 001\" width=\"1000\" height=\"414\" \/><\/p>\n<h3 style=\"text-align: center;\">Kamada Power 48V 200Ah 10kWh Alt i \u00e9t solcelleanl\u00e6g Funktion<\/h3>\n<p><img decoding=\"async\" class=\"aligncenter wp-image-2318 size-full\" src=\"http:\/\/www.kmdpower.com\/wp-content\/uploads\/Kamada-Power-All-in-One-Solar-Power-System-Y002.jpg\" alt=\"Kamada Power alt i \u00e9t solcelleanl\u00e6g 002\" width=\"1000\" height=\"788\" \/><\/p>\n<h3 style=\"text-align: center;\">Udligningsfunktion \uff08Aktiv eller passiv Valgfri)<\/h3>\n<p>&nbsp;<\/p>\n<p><img loading=\"lazy\" decoding=\"async\" class=\"aligncenter wp-image-978 size-full\" src=\"http:\/\/www.kmdpower.com\/wp-content\/uploads\/Active-Equalization-Function-and-Active-Passive-Optional-0.png\" alt=\"Aktiv udligningsfunktion og aktiv passiv valgfri-0\" width=\"1000\" height=\"246\" \/><\/p>\n<div>\n<p>Dette Kamada Power All In One Solar Power System med fleksibelt modulsystem kan designes ud fra din husholdnings daglige energiforbrug. Dette klasseledende kraftv\u00e6rk giver dig str\u00f8m til at k\u00f8re dine daglige husholdningsapparater eller endda give str\u00f8m til hele dit hus i en eller to dage afh\u00e6ngigt af dine belastningskrav.<\/p>\n<\/div>\n<p>&nbsp;<\/p>\n<h3 style=\"text-align: center;\">Produktets h\u00f8jdepunkter<\/h3>\n<p><strong>Lang levetid:<\/strong>Over 6000 cyklusser ved 90% DOD<br \/>\n<strong>Lavt str\u00f8mforbrug:<\/strong>Lavt str\u00f8mforbrug i standby \u226415W, driftstab uden belastning mindre end 100W<br \/>\n<strong>Modul\u00e6rt design:<\/strong>Tilf\u00f8j s\u00e5 mange batterimoduler som n\u00f8dvendigt<br \/>\n<strong>S\u00f8ml\u00f8s skiftefunktion:<\/strong>Underst\u00f8tter problemfrit skift mellem parallel og off-grid (mindre end 5 ms)<br \/>\n<strong>H\u00f8j grad af integration:<\/strong>Indbygget Hybird-inverter, BMS, batteribank<br \/>\n<strong>Fjernbetjent firmware:<\/strong>Styr og overv\u00e5g dit Smart System, n\u00e5r du er p\u00e5 farten, via vores Kamada Power Monitoring App og Portal.<br \/>\n<strong>Stabelbart design:<\/strong>Brug for st\u00f8rre kapacitet? Modul\u00e6rt design g\u00f8r det muligt at installere flere enheder parallelt<br \/>\n<strong>H\u00f8jsp\u00e6nding:<\/strong>H\u00f8jsp\u00e6ndings-BMS giver mulighed for h\u00f8jere effektivitet ved opladning og afladning.<br \/>\n<strong>Kamada Power 48v 200Ah 10kWh alt i \u00e9t solenergisystem kan stable batteri med indbygget inverter:<\/strong>H\u00f8jsp\u00e6ndings-BMS giver mulighed for st\u00f8rre opladnings- og afladningseffekt ved en lavere str\u00f8m, hvilket giver h\u00f8jere effektivitet end vores mindre sp\u00e6ndingsomr\u00e5de.<\/p>\n<p>&nbsp;<\/p>\n<div>\n<h3 style=\"text-align: center;\">P\u00e5lideligt BMS-system med ultrah\u00f8j sikkerhed<\/h3>\n<p><img loading=\"lazy\" decoding=\"async\" class=\"aligncenter wp-image-1283 size-full\" src=\"http:\/\/www.kmdpower.com\/wp-content\/uploads\/Kamada-Power-Battery-BMS.jpg\" alt=\"Kamada Power Batteri BMS\" width=\"1000\" height=\"401\" \/><\/p>\n<p style=\"text-align: left;\">Kamada Power All In One Solar Power System BMS s\u00f8rger for sikker drift ved ekstreme temperaturer, forhindrer overopladning og overafladning, forl\u00e6nger batteriets levetid og giver p\u00e5lidelig ydelse med effektiv opladning og afladning. Det omfatter ogs\u00e5 overstr\u00f8ms- og kortslutningsbeskyttelse af hensyn til systemsikkerheden og giver brugerne mulighed for aktiv eller passiv afbalancering for at optimere batteriets ydeevne og energieffektivitet.<\/p>\n<p>&nbsp;<\/p>\n<h3 style=\"text-align: center;\">Kamada Power 48v 200Ah 10kWh alt-i-et solenergisystem Funktioner<\/h3>\n<p><img loading=\"lazy\" decoding=\"async\" class=\"aligncenter wp-image-1274 size-full\" src=\"http:\/\/www.kmdpower.com\/wp-content\/uploads\/Kamada-Power-All-in-One-Solar-Power-System-0031.jpg\" alt=\"Kamada Power alt i \u00e9t solcelleanl\u00e6g 003\" width=\"1000\" height=\"792\" \/><\/p>\n<p><strong>Inverter til energilagring:<\/strong>\u00a0Indbygget inverter, intet behov for ekstern inverter, praktisk og hurtig at bruge.<br \/>\n<strong>LED-display:<\/strong>\u00a0batteridriftsdata i realtid<br \/>\n<strong>WiFi og app:<\/strong>\u00a0Batteridata kan ses via WiFi og APP, realtid Alt i \u00e9t solcelleanl\u00e6gs batteriinformation<br \/>\n<strong>Lifepo4 batteripakke:<\/strong>\u00a0Lifepo4-batteri, sikkert og p\u00e5lideligt, intet behov for vedligeholdelse<br \/>\n<strong>Visning af batteriniveau:<\/strong>\u00a0Visning i realtid af fremskridt p\u00e5 det aktuelle niveau<br \/>\n<strong>Stakket batteri:<\/strong>\u00a0let at udvide kapaciteten<br \/>\n<strong>Batteribase:<\/strong>\u00a0Robust og holdbar<\/p>\n<p>&nbsp;<\/p>\n<h3 style=\"text-align: center;\">Kamada Power Alt i \u00e9t solenergisystem Anvendelsesscenarie<\/h3>\n<p><img loading=\"lazy\" decoding=\"async\" class=\"aligncenter wp-image-1354 size-full\" src=\"http:\/\/www.kmdpower.com\/wp-content\/uploads\/kamada-powerwall-battery-application-scenario-.jpg\" alt=\"kamada powerwall-batteriets anvendelsesscenarie\" width=\"1000\" height=\"462\" \/><\/p>\n<p><strong>Kamada Power All in One Solar Power System Kan anvendes i f\u00f8lgende anvendelsesscenarier:<\/strong><\/p>\n<p><strong>Solsystemet:<\/strong> Opbevar solenergi, s\u00e5 du f\u00e5r konstant str\u00f8m dag og nat.<br \/>\n<strong>Rejser i autocamper:<\/strong> S\u00f8rg for b\u00e6rbar energilagring til rejser.<br \/>\n<strong>B\u00e5d \/ Marine:<\/strong> S\u00f8rg for uafbrudt str\u00f8m, mens du sejler eller ligger i havn.<br \/>\n<strong>Uden for nettet:<\/strong> Hold forbindelsen med p\u00e5lidelig backup-str\u00f8m p\u00e5 fjerntliggende steder.<\/p>\n<p>&nbsp;<\/p>\n<h3 style=\"text-align: center;\">Hvorfor v\u00e6lge Kamada Power OEM ODM til dine batteriprodukter?<\/h3>\n<p><strong>Du beh\u00f8ver ikke at bekymre dig om disse udfordringer med brugerdefinerede batteriproblemer!<\/strong><br \/>\nUde af stand til at opfylde dine brugerdefinerede batterikrav, lang produktionstid, langsom leveringstid, ineffektiv kommunikation, ingen garanti for kvalitet, ukonkurrencedygtig produktpris og d\u00e5rlig serviceoplevelse er disse problemer!<\/p>\n<p><strong>Professionalismens magt!<\/strong><br \/>\nVi har betjent tusindvis af batterikunder fra forskellige brancher og tilpasset tusindvis af batteriprodukter! Vi kender vigtigheden af dybdeg\u00e5ende kommunikation af behov, vi kender batteriprodukter fra design til masseproduktion af forskellige tekniske udfordringer og problemer, og hvordan man hurtigt og effektivt l\u00f8ser disse problemer!<\/p>\n<p><strong>Udvikl effektive, skr\u00e6ddersyede batteril\u00f8sninger!<\/strong><br \/>\nSom svar p\u00e5 dine brugerdefinerede batteribehov vil vi specifikt tildele batteriteknologiprojektteamet til at give dig 1-til-1-service. Kommuniker med dig i dybden om branchen, scenarier, krav, smertepunkter, ydeevne, funktionalitet og udvikl tilpassede batteril\u00f8sninger.<\/p>\n<p><strong>Hurtig levering af tilpasset batteriproduktion!<\/strong><br \/>\nVi er smidige og hurtige til at hj\u00e6lpe dig med at n\u00e5 fra design af batteriprodukter til pr\u00f8veudtagning af batterier og masseproduktion af batteriprodukter. Opn\u00e5 hurtigt produktdesign, hurtig produktion og fremstilling, hurtig levering og forsendelse, bedste kvalitet og fabrikspris for brugerdefinerede batterier!<\/p>\n<p><strong>Hj\u00e6lp dig med hurtigt at gribe markedsmuligheden for energilagringsbatterier!<\/strong><br \/>\nKamada Power hj\u00e6lper dig med hurtigt at opn\u00e5 differentierede, skr\u00e6ddersyede batteriprodukter, forbedre produktets konkurrenceevne og hj\u00e6lpe dig med hurtigt at tage f\u00f8ringen p\u00e5 markedet for energilagringsbatterier.<\/p>\n<p>&nbsp;<\/p>\n<h3 style=\"text-align: center;\">Shenzhen Kamada Electronic Co.,Ltd<br \/>\nKamada Power-udstilling<\/h3>\n<p><img loading=\"lazy\" decoding=\"async\" class=\"aligncenter wp-image-1297 size-full\" src=\"http:\/\/www.kmdpower.com\/wp-content\/uploads\/Kamada-Power-Exhibition-Shenzhen-Kamada-Electronic-Co-Ltd.png\" alt=\"Kamada Power-udstilling Shenzhen Kamada Electronic Co Ltd\" width=\"1920\" height=\"841\" \/><\/p>\n<p>&nbsp;<\/p>\n<h3 style=\"text-align: center;\">Kamada Power Battery Producenter Certificering<\/h3>\n<p><img loading=\"lazy\" decoding=\"async\" class=\"aligncenter wp-image-1285 size-full\" src=\"http:\/\/www.kmdpower.com\/wp-content\/uploads\/Kamada-Power-Battery-Certification.png\" alt=\"Kamada Power Battery Producenter Certificering\" width=\"1344\" height=\"462\" \/><\/p>\n<p>&nbsp;<\/p>\n<h3 style=\"text-align: center;\">Kamada Power Lithium ion-batteriproducenter Fabrik Produktionsproces<\/h3>\n<p><img loading=\"lazy\" decoding=\"async\" class=\"aligncenter wp-image-1323 size-full\" src=\"http:\/\/www.kmdpower.com\/wp-content\/uploads\/Kamada-Power-Lithium-ion-Battery-Manufacturers-Factory-Production-Process-02.jpg\" alt=\"Kamada Power Lithium ion-batteriproducenter Fabrik Produktionsproces 02\" width=\"1000\" height=\"517\" \/><\/p>\n<p>&nbsp;<\/p>\n<h3 style=\"text-align: center;\">Kamada Power Battery Producenter<\/h3>\n<p><img loading=\"lazy\" decoding=\"async\" class=\"aligncenter wp-image-1324 size-full\" src=\"http:\/\/www.kmdpower.com\/wp-content\/uploads\/Kamada-Power-Lithium-ion-Battery-Manufacturers-Factory-Show.jpg\" alt=\"Kamada Power Lithium-ion-batteriproducenter Factory Show\" width=\"1000\" height=\"584\" \/><\/p>\n<p>Kamada Power Battery Factory producerer alle typer oem odm tilpassede batteril\u00f8sninger: solcellebatterier til hjemmet, lavhastighedsbatterier til k\u00f8ret\u00f8jer (golfbatterier, RV-batterier, blykonverterede litiumbatterier, batterier til elektriske vogne, gaffeltruckbatterier), marinebatterier, batterier til krydstogtskibe, h\u00f8jsp\u00e6ndingsbatterier, stablede batterier,\u00a0<strong><a title=\"Producenter af natriumionbatterier\" href=\"http:\/\/www.kmdpower.com\/da\/sodium-ion-battery-manufacturers\/\" target=\"_blank\" rel=\"noopener\">Natrium-ion-batteri<\/a>,\u00a0<a href=\"http:\/\/www.kmdpower.com\/da\/commercial-energy-storage-systems\/\" target=\"_blank\" rel=\"noopener\">industrielle og kommercielle energilagringssystemer<\/a><\/strong><\/p>\n<p>&nbsp;<\/p>\n<\/div>","protected":false},"excerpt":{"rendered":"<ul>\n<li><strong>Model:<\/strong>\u00a048v 200Ah 10kWh alt i \u00e9t solcelleanl\u00e6g<\/li>\n<li><strong>Levetid i cyklus:<\/strong>\u00a06000 gange<\/li>\n<li><strong>V\u00e6gt:<\/strong>\u00a0102KGS<\/li>\n<li><strong>Dimensioner:<\/strong>\u00a01363*535*160 mm<\/li>\n<li><strong>Certifikat:<\/strong>\u00a0CE\/UN38.3\/MSDS<\/li>\n<li><strong>Producenter af alt i \u00e9t solenergisystem:<\/strong>\u00a0Kamada Power<\/li>\n<li><strong>Batteritype:<\/strong>\u00a0LiFePO4-batteri<\/li>\n<li><strong>Kernefunktioner:<\/strong>\u00a0WiFi, tilpasset APP (valgfrit)<\/li>\n<li><strong>St\u00f8tte til batterier:<\/strong>\u00a0Engros, OEM.ODM Alt i et solenergisystem<\/li>\n<li><strong>Garanti:<\/strong>\u00a010 \u00e5r<\/li>\n<li><strong>Leveringstid:<\/strong>\u00a07-14 dage for pr\u00f8ver, 35-60 dage for masseproduktion<\/li>\n<li><strong>Kamada Power Battery Products underst\u00f8tter engros, distribut\u00f8rer og OEM ODM Custom Battery. Venligst\u00a0<a title=\"Kontakt Kamada Power\" href=\"https:\/\/www.kmdpower.com\/da\/contact-us\/\" target=\"_blank\" rel=\"noopener\">Kontakt os<\/a>!<\/strong><\/li>\n<\/ul>","protected":false},"featured_media":1575,"template":"","meta":{"rank_math_lock_modified_date":false,"_kad_post_transparent":"default","_kad_post_title":"","_kad_post_layout":"default","_kad_post_sidebar_id":"","_kad_post_content_style":"default","_kad_post_vertical_padding":"default","_kad_post_feature":"","_kad_post_feature_position":"","_kad_post_header":false,"_kad_post_footer":false},"product_cat":[17,34],"product_tag":[224,242,319,327,323,324,325,326,333,334,335,336,337,338,339,340,341,342,343,344,345,346,347,366,367,384,385,388,392,79,418,509,511,616,641,706,815,816,817,932,933,934,1046,1112,1113,1120,1121,1119,1123],"class_list":{"0":"post-2316","1":"product","2":"type-product","3":"status-publish","4":"has-post-thumbnail","6":"product_cat-home-energy-storage-system","7":"product_cat-all-in-one-solar-power-system-manufacturers","8":"product_tag-3kwh-battery","9":"product_tag-48v-100ah-lifepo4-5-12-kwh","10":"product_tag-48v100ah-power-wall-5kwh-lithium-lifepo4-battery","11":"product_tag-5-12-kwh-lithium-battery","12":"product_tag-5-kw-battery","13":"product_tag-5-kwh-lithium-battery","14":"product_tag-5-kwh-lithium-ion-battery","15":"product_tag-5-kwh-solar-battery","16":"product_tag-5kw-battery","17":"product_tag-5kw-battery-storage","18":"product_tag-5kw-lithium-battery","19":"product_tag-5kw-lithium-ion-battery","20":"product_tag-5kw-powerwall","21":"product_tag-5kw-server-rack-battery","22":"product_tag-5kw-solar-battery","23":"product_tag-5kw-solar-system-battery-bank","24":"product_tag-5kwh","25":"product_tag-5kwh-2448v-server-rack-lifepo4","26":"product_tag-5kwh-48v-rack-battery","27":"product_tag-5kwh-battery-pack","28":"product_tag-5kwh-lifepo4-battery","29":"product_tag-5kwh-lithium-battery","30":"product_tag-6-5-kwh-lithium-battery","31":"product_tag-6kw-battery-storage","32":"product_tag-6kwh-lithium-battery","33":"product_tag-7kw-battery","34":"product_tag-7kwh-battery","35":"product_tag-9-6-kwh-lithium-battery","36":"product_tag-all-in-one-ess","37":"product_tag-all-in-one-solar-power-system","38":"product_tag-battery-5kwh","39":"product_tag-customized-5-kwh-lithium-ion-battery","40":"product_tag-customized-5kwh-lifepo4-battery","41":"product_tag-lifepo4-5kwh","42":"product_tag-lifepo4-battery-powerwall-5kw-48v","43":"product_tag-lithium-ion-battery-5kwh","44":"product_tag-odm-5kwh-lifepo4-battery","45":"product_tag-odm-5kwh-lifepo4-battery-manufacturer","46":"product_tag-odm-5kwh-lifepo4-battery-supplier","47":"product_tag-oem-5kwh-lifepo4-battery","48":"product_tag-oem-5kwh-lifepo4-battery-manufacturer","49":"product_tag-oem-5kwh-lifepo4-battery-supplier","50":"product_tag-server-rack-lifepo4-5kw","51":"product_tag-wholesale-48v-100ah-lifepo4-5-12-kwh-factory","52":"product_tag-wholesale-48v-100ah-lifepo4-5-12-kwh-supplier","53":"product_tag-wholesale-5-12-kwh-lithium-battery-manufacturers","54":"product_tag-wholesale-5-12-kwh-lithium-battery-supplier","55":"product_tag-wholesale-5-kwh-lithium-battery","56":"product_tag-wholesale-battery-5kwh","58":"first","59":"instock","60":"shipping-taxable","61":"product-type-simple","62":"entry","63":"content-bg","64":"loop-entry"},"_links":{"self":[{"href":"https:\/\/www.kmdpower.com\/da\/wp-json\/wp\/v2\/product\/2316","targetHints":{"allow":["GET"]}}],"collection":[{"href":"https:\/\/www.kmdpower.com\/da\/wp-json\/wp\/v2\/product"}],"about":[{"href":"https:\/\/www.kmdpower.com\/da\/wp-json\/wp\/v2\/types\/product"}],"version-history":[{"count":4,"href":"https:\/\/www.kmdpower.com\/da\/wp-json\/wp\/v2\/product\/2316\/revisions"}],"predecessor-version":[{"id":2320,"href":"https:\/\/www.kmdpower.com\/da\/wp-json\/wp\/v2\/product\/2316\/revisions\/2320"}],"wp:featuredmedia":[{"embeddable":true,"href":"https:\/\/www.kmdpower.com\/da\/wp-json\/wp\/v2\/media\/1575"}],"wp:attachment":[{"href":"https:\/\/www.kmdpower.com\/da\/wp-json\/wp\/v2\/media?parent=2316"}],"wp:term":[{"taxonomy":"product_cat","embeddable":true,"href":"https:\/\/www.kmdpower.com\/da\/wp-json\/wp\/v2\/product_cat?post=2316"},{"taxonomy":"product_tag","embeddable":true,"href":"https:\/\/www.kmdpower.com\/da\/wp-json\/wp\/v2\/product_tag?post=2316"}],"curies":[{"name":"wp","href":"https:\/\/api.w.org\/{rel}","templated":true}]}}