{"id":2224,"date":"2024-10-14T02:32:38","date_gmt":"2024-10-14T02:32:38","guid":{"rendered":"http:\/\/www.kmdpower.com\/?post_type=product&#038;p=2224"},"modified":"2025-01-18T09:01:50","modified_gmt":"2025-01-18T09:01:50","slug":"kamada-power-24v-200ah-lifepo4-battery-product","status":"publish","type":"product","link":"https:\/\/www.kmdpower.com\/da\/kamada-power-24v-200ah-lifepo4-battery-product\/","title":{"rendered":"Kamada Power 24V 200Ah Lifepo4-batteri"},"content":{"rendered":"<p><a href=\"https:\/\/www.kmdpower.com\/da\/contact-us\/\"><img fetchpriority=\"high\" decoding=\"async\" class=\"aligncenter\" src=\"http:\/\/www.kmdpower.com\/wp-content\/uploads\/Contact-US-Kamada-Power-Shenzhen-Kamada-Electronic-Co-Ltd.jpg\" alt=\"\" width=\"1000\" height=\"200\" \/><\/a><\/p>\n<p><img decoding=\"async\" class=\"aligncenter wp-image-1207 size-full\" src=\"http:\/\/www.kmdpower.com\/wp-content\/uploads\/Kamada-Power-24V-200Ah-LifePO4-Battery-DESC-001.jpg\" alt=\"Kamada Power 24V 200Ah LifePO4 Batteri DESC 001\" width=\"1000\" height=\"480\" \/><\/p>\n<h3 style=\"text-align: center;\">Kamada Power 24V 200Ah LifePO4 Batteri Funktioner<\/h3>\n<p><img decoding=\"async\" class=\"aligncenter wp-image-1208 size-full\" src=\"http:\/\/www.kmdpower.com\/wp-content\/uploads\/Kamada-Power-24V-200Ah-LifePO4-Battery-DESC-002.jpg\" alt=\"Kamada Power 24V 200Ah LifePO4-batteri DESC 002\" width=\"1000\" height=\"770\" \/><\/p>\n<h3 style=\"text-align: center;\">Udligningsfunktion \uff08Aktiv eller passiv Valgfri)<\/h3>\n<p>&nbsp;<\/p>\n<p><img loading=\"lazy\" decoding=\"async\" class=\"aligncenter wp-image-978 size-full\" src=\"http:\/\/www.kmdpower.com\/wp-content\/uploads\/Active-Equalization-Function-and-Active-Passive-Optional-0.png\" alt=\"Aktiv udligningsfunktion og aktiv passiv valgfri-0\" width=\"1000\" height=\"246\" \/><\/p>\n<div>\n<h3 style=\"text-align: center;\">Kamada Power OEM ODM Custom 12V \/ 24V LifePO4 batterisp\u00e6nding og -kapacitet<\/h3>\n<p>&nbsp;<\/p>\n<table>\n<tbody>\n<tr>\n<td>12,8V 50ah LifePO4-batteri<\/td>\n<td>12,8V 200ah LifePO4-batteri<\/td>\n<td>25,6V 100ah LifePO4-batteri<\/td>\n<\/tr>\n<tr>\n<td>12,8V 100ah LifePO4-batteri<\/td>\n<td>12,8V 300ah LifePO4-batteri<\/td>\n<td>25,6V 150ah LifePO4-batteri<\/td>\n<\/tr>\n<tr>\n<td>12,8V 150ah LifePO4-batteri<\/td>\n<td>25,6V 300ah LifePO4-batteri<\/td>\n<td>25,6V 200ah LifePO4-batteri<\/td>\n<\/tr>\n<tr>\n<td style=\"text-align: center;\" colspan=\"3\">\n<p style=\"color: #339966;\">Mere sp\u00e6ndings- og kapacitetslevetidPO4-batteri kan tilpasses<\/p>\n<\/td>\n<\/tr>\n<\/tbody>\n<\/table>\n<p>&nbsp;<\/p>\n<\/div>\n<div>\n<p>&nbsp;<\/p>\n<h3 style=\"text-align: center;\">Produktets h\u00f8jdepunkter<\/h3>\n<p><strong>Selvopvarmende funktion<\/strong><\/p>\n<p>Startopvarmningstemperatur \u22640\u2103, Stopopvarmningstemperatur \u22655\u2103. Den selvopvarmede funktion i boligbatterier l\u00f8ser effektivt udfordringen med forringelse af ydeevnen i koldt vejr, hvilket sikrer p\u00e5lidelig drift og forl\u00e6nget levetid selv i barske klimaer, hvilket reducerer vedligeholdelsesomkostningerne og forbedrer den samlede energilagringseffektivitet.<\/p>\n<p><strong>Bluetooth-overv\u00e5gning i realtid via app<\/strong><\/p>\n<p>Bluetooth-overv\u00e5gning i realtid via en app til hjemmebatterier l\u00f8ser problemet med begr\u00e6nset synlighed og kontrol over energiforbruget og giver dig bekvem og \u00f8jeblikkelig adgang til at optimere deres energiforbrug og lagringseffektivitet.<\/p>\n<p><strong>LiFePO4-batteri<\/strong><\/p>\n<p>LiFePO4-batterier tilbyder op til 4000 cyklusser, h\u00f8j energit\u00e6thed og overlegen sikkerhed. De underst\u00f8tter hurtig opladning og dyb afladning, kr\u00e6ver minimal vedligeholdelse og er milj\u00f8venlige. Alt i alt giver de en p\u00e5lidelig, effektiv str\u00f8ml\u00f8sning med lang levetid.<\/p>\n<p><strong>Vandt\u00e6t IP67<\/strong><\/p>\n<p>IP67-vandt\u00e6thed giver fremragende beskyttelse mod vand og st\u00f8v. Det sikrer p\u00e5lidelig ydeevne i barske milj\u00f8er og giver dig ro i sindet og konstant str\u00f8m under alle dine udend\u00f8rs eventyr.<\/p>\n<p><strong>Aktiv balance og passiv balance er valgfri<\/strong><\/p>\n<p>sikrer optimal ydeevne og lang levetid. Aktiv balancering omfordeler energien mellem cellerne for at opn\u00e5 maksimal effektivitet, mens passiv balancering opretholder ligev\u00e6gt i cellesp\u00e6ndingen og forhindrer overopladning. Disse funktioner giver en p\u00e5lidelig, effektiv og langtidsholdbar str\u00f8ml\u00f8sning, der minimerer vedligeholdelse og maksimerer eventyret i din autocamper...<\/p>\n<\/div>\n<p>&nbsp;<\/p>\n<h3 style=\"text-align: center;\">P\u00e5lideligt BMS-system med ultrah\u00f8j sikkerhed<\/h3>\n<p><img loading=\"lazy\" decoding=\"async\" class=\"aligncenter wp-image-1283 size-full\" src=\"http:\/\/www.kmdpower.com\/wp-content\/uploads\/Kamada-Power-Battery-BMS.jpg\" alt=\"Kamada Power Batteri BMS\" width=\"1000\" height=\"401\" \/><\/p>\n<p style=\"text-align: left;\">Kamada Power 24v 200ah lifepo4 batteri BMS s\u00f8rger for sikker drift i ekstreme temperaturer, forhindrer overopladning og overafladning, forl\u00e6nger batteriets levetid og giver p\u00e5lidelig ydeevne med effektiv opladning og afladning. Det omfatter ogs\u00e5 overstr\u00f8ms- og kortslutningsbeskyttelse af hensyn til systemsikkerheden og giver brugerne mulighed for aktiv eller passiv afbalancering for at optimere batteriets ydeevne og energieffektivitet.<\/p>\n<p>&nbsp;<\/p>\n<h3 style=\"text-align: center;\">Kamada Power 24V 200Ah LiFePO4-batteri i serie og parallel<\/h3>\n<p><img loading=\"lazy\" decoding=\"async\" class=\"aligncenter wp-image-2220 size-full\" src=\"http:\/\/www.kmdpower.com\/wp-content\/uploads\/51.2v-100Ah-Parallel-up-to-4p-and-Series-up-to-4s.png\" alt=\"Kamada Power 24V 200Ah LifePO4-batteri DESC 1005\" width=\"997\" height=\"720\" \/><\/p>\n<p>&nbsp;<\/p>\n<h3 style=\"text-align: center;\">Kamada Power 24V 200Ah LiFePO4-batteri VS blysyrebatteri<\/h3>\n<p><img loading=\"lazy\" decoding=\"async\" class=\"aligncenter wp-image-1210 size-full\" src=\"http:\/\/www.kmdpower.com\/wp-content\/uploads\/Kamada-Power-24V-200Ah-LifePO4-Battery-DESC-004.jpg\" alt=\"Kamada Power 24V 200Ah LifePO4 Batteri DESC 004\" width=\"1000\" height=\"680\" \/><\/p>\n<p>&nbsp;<\/p>\n<h3 style=\"text-align: center;\">51,2V 100Ah LifePO4-batteri med integreret selvopvarmningsfunktion og Bluetooth APP<\/h3>\n<p><img loading=\"lazy\" decoding=\"async\" class=\"aligncenter wp-image-1209 size-full\" src=\"http:\/\/www.kmdpower.com\/wp-content\/uploads\/Kamada-Power-24V-200Ah-LifePO4-Battery-DESC-003.jpg\" alt=\"Kamada Power 24V 200Ah LifePO4 Batteri DESC 003\" width=\"1000\" height=\"583\" \/><\/p>\n<p>&nbsp;<\/p>\n<h3 style=\"text-align: center;\">Kamada Power 51,2v 100Ah LifePO4-batteri 3 opladningsmetoder<\/h3>\n<p><img loading=\"lazy\" decoding=\"async\" class=\"aligncenter wp-image-1163 size-full\" src=\"http:\/\/www.kmdpower.com\/wp-content\/uploads\/Kamada-Power-12v-50Ah-SLA-LifePO4-Battery-3-Charging-Methods-003.jpg\" alt=\"Kamada Power 12v 50Ah SLA LifePO4-batteri 3 opladningsmetoder\" width=\"1000\" height=\"392\" \/><\/p>\n<div data-node=\"66bb1ada9ec32\" data-animation-delay=\"0.0\">Lithium-jernfosfat4-strengsoplader (14,6V)<br \/>\nFotovoltaiske solpaneler med MPPT<br \/>\nInverter (indbygget vekselstr\u00f8m til j\u00e6vnstr\u00f8m)<\/div>\n<div data-node=\"66bb1ada9ec32\" data-animation-delay=\"0.0\"><\/div>\n<h3 style=\"text-align: center;\">Kamada Power 24V 200Ah LifePO4-batteri Anvendelsesscenarie<\/h3>\n<p><img loading=\"lazy\" decoding=\"async\" class=\"aligncenter wp-image-1201 size-full\" src=\"http:\/\/www.kmdpower.com\/wp-content\/uploads\/Kamada-Power-12v-SLA-LifePO4-Battery-Application-Scenario-007.jpg\" alt=\"Kamada Power 12v SLA LifePO4-batteri Anvendelsesscenarie\" width=\"1000\" height=\"454\" \/><\/p>\n<p style=\"text-align: center;\"><strong>24v 200Ah LiFePO4-batteri Anvendelse:<\/strong> Fritidsk\u00f8ret\u00f8jer, st\u00f8vler og fiskeri, sol- og vindenergi, camping, off-grid-anvendelse<\/p>\n<p>&nbsp;<\/p>\n<h3 style=\"text-align: center;\">Hvorfor v\u00e6lge Kamada Power OEM ODM til dine batteriprodukter?<\/h3>\n<p><strong>Du beh\u00f8ver ikke at bekymre dig om disse udfordringer med brugerdefinerede batteriproblemer!<\/strong><br \/>\nUde af stand til at opfylde dine brugerdefinerede batterikrav, lang produktionstid, langsom leveringstid, ineffektiv kommunikation, ingen garanti for kvalitet, ukonkurrencedygtig produktpris og d\u00e5rlig serviceoplevelse er disse problemer!<\/p>\n<p><strong>Professionalismens magt!<\/strong><br \/>\nVi har betjent tusindvis af batterikunder fra forskellige brancher og tilpasset tusindvis af batteriprodukter! Vi kender vigtigheden af dybdeg\u00e5ende kommunikation af behov, vi kender batteriprodukter fra design til masseproduktion af forskellige tekniske udfordringer og problemer, og hvordan man hurtigt og effektivt l\u00f8ser disse problemer!<\/p>\n<p><strong>Udvikl effektive, skr\u00e6ddersyede batteril\u00f8sninger!<\/strong><br \/>\nSom svar p\u00e5 dine brugerdefinerede batteribehov vil vi specifikt tildele batteriteknologiprojektteamet til at give dig 1-til-1-service. Kommuniker med dig i dybden om branchen, scenarier, krav, smertepunkter, ydeevne, funktionalitet og udvikl tilpassede batteril\u00f8sninger.<\/p>\n<p><strong>Hurtig levering af tilpasset batteriproduktion!<\/strong><br \/>\nVi er smidige og hurtige til at hj\u00e6lpe dig med at n\u00e5 fra design af batteriprodukter til pr\u00f8veudtagning af batterier og masseproduktion af batteriprodukter. Opn\u00e5 hurtigt produktdesign, hurtig produktion og fremstilling, hurtig levering og forsendelse, bedste kvalitet og fabrikspris for brugerdefinerede batterier!<\/p>\n<p><strong>Hj\u00e6lp dig med hurtigt at gribe markedsmuligheden for energilagringsbatterier!<\/strong><br \/>\nKamada Power hj\u00e6lper dig med hurtigt at opn\u00e5 differentierede, skr\u00e6ddersyede batteriprodukter, forbedre produktets konkurrenceevne og hj\u00e6lpe dig med hurtigt at tage f\u00f8ringen p\u00e5 markedet for energilagringsbatterier.<\/p>\n<p>&nbsp;<\/p>\n<h3 style=\"text-align: center;\">Shenzhen Kamada Electronic Co.,Ltd<br \/>\nKamada Power-udstilling<\/h3>\n<p><img loading=\"lazy\" decoding=\"async\" class=\"aligncenter wp-image-1297 size-full\" src=\"http:\/\/www.kmdpower.com\/wp-content\/uploads\/Kamada-Power-Exhibition-Shenzhen-Kamada-Electronic-Co-Ltd.png\" alt=\"Kamada Power-udstilling Shenzhen Kamada Electronic Co Ltd\" width=\"1920\" height=\"841\" \/><\/p>\n<p>&nbsp;<\/p>\n<h3 style=\"text-align: center;\">Kamada Power Battery Producenter Certificering<\/h3>\n<p><img loading=\"lazy\" decoding=\"async\" class=\"aligncenter wp-image-1285 size-full\" src=\"http:\/\/www.kmdpower.com\/wp-content\/uploads\/Kamada-Power-Battery-Certification.png\" alt=\"Kamada Power Battery Producenter Certificering\" width=\"1344\" height=\"462\" \/><\/p>\n<p>&nbsp;<\/p>\n<h3 style=\"text-align: center;\">Kamada Power Lithium ion-batteriproducenter Fabrik Produktionsproces<\/h3>\n<p><img loading=\"lazy\" decoding=\"async\" class=\"aligncenter wp-image-1323 size-full\" src=\"http:\/\/www.kmdpower.com\/wp-content\/uploads\/Kamada-Power-Lithium-ion-Battery-Manufacturers-Factory-Production-Process-02.jpg\" alt=\"Kamada Power Lithium ion-batteriproducenter Fabrik Produktionsproces 02\" width=\"1000\" height=\"517\" \/><\/p>\n<p>&nbsp;<\/p>\n<h3 style=\"text-align: center;\">Kamada Power Battery Producenter<\/h3>\n<p><img loading=\"lazy\" decoding=\"async\" class=\"aligncenter wp-image-1324 size-full\" src=\"http:\/\/www.kmdpower.com\/wp-content\/uploads\/Kamada-Power-Lithium-ion-Battery-Manufacturers-Factory-Show.jpg\" alt=\"Kamada Power Lithium-ion-batteriproducenter Factory Show\" width=\"1000\" height=\"584\" \/><\/p>\n<p>Kamada Power Battery Factory producerer alle typer oem odm tilpassede batteril\u00f8sninger: solcellebatterier til hjemmet, lavhastighedsbatterier til k\u00f8ret\u00f8jer (golfbatterier, RV-batterier, blykonverterede litiumbatterier, batterier til elektriske vogne, gaffeltruckbatterier), marinebatterier, batterier til krydstogtskibe, h\u00f8jsp\u00e6ndingsbatterier, stablede batterier,\u00a0<strong><a title=\"Producenter af natriumionbatterier\" href=\"http:\/\/www.kmdpower.com\/da\/sodium-ion-battery-manufacturers\/\" target=\"_blank\" rel=\"noopener\">Natrium-ion-batteri<\/a>,\u00a0<a href=\"http:\/\/www.kmdpower.com\/da\/commercial-energy-storage-systems\/\" target=\"_blank\" rel=\"noopener\">industrielle og kommercielle energilagringssystemer<\/a><\/strong><\/p>\n<p>&nbsp;<\/p>","protected":false},"excerpt":{"rendered":"<ul>\n<li><strong>Model:<\/strong>\u00a024V 200Ah litiumbatteri<\/li>\n<li><strong>Livets cyklusser:<\/strong>4000 gange<\/li>\n<li><strong>V\u00e6gt:<\/strong>\u00a037KGS<\/li>\n<li><strong>Dimensioner:<\/strong>\u00a0522*238*218 mm<\/li>\n<li><strong>Certifikat:<\/strong>\u00a0CE\/UN38.3\/MSDS<\/li>\n<li><strong>Lifepo4 Batteriproducenter:<\/strong>\u00a0Kamada Power<\/li>\n<li><strong>Batteritype:<\/strong>\u00a0Lifepo4-batteri<\/li>\n<li><strong>Kernefunktioner:<\/strong>\u00a0Bluetooth, automatisk opvarmning, tilpasset APP, IP67 (valgfrit)<\/li>\n<li><strong>St\u00f8tte til batterier:<\/strong>\u00a0Engros, OEM.ODM 24V 200Ah Lifepo4-batteri<\/li>\n<li><strong>Garanti:<\/strong>\u00a05 \u00e5r<\/li>\n<li><strong>Leveringstid:<\/strong>\u00a07-14 dage for pr\u00f8ver, 35-60 dage for masseproduktion<\/li>\n<li><strong>Kamada Power Battery Products underst\u00f8tter engros, distribut\u00f8rer og OEM ODM Custom Battery. Venligst\u00a0<a title=\"Kontakt Kamada Power\" href=\"https:\/\/www.kmdpower.com\/da\/contact-us\/\" target=\"_blank\" rel=\"noopener\">Kontakt os<\/a>!<\/strong><\/li>\n<\/ul>","protected":false},"featured_media":1214,"template":"","meta":{"rank_math_lock_modified_date":false,"_kad_post_transparent":"default","_kad_post_title":"","_kad_post_layout":"default","_kad_post_sidebar_id":"","_kad_post_content_style":"default","_kad_post_vertical_padding":"default","_kad_post_feature":"","_kad_post_feature_position":"","_kad_post_header":false,"_kad_post_footer":false},"product_cat":[17,30],"product_tag":[108,109,111,134,149,150,151,152,160,161,162,163,164,165,166,167,168,172,173,228,230,250,251,252,253,257,258,259,260,261,262,269,270,271,272,273,274,275,276,277,278,279,280,281,282,283,285,321,322,368,369,370,371,372,373,374,375,376,377,378,379,380,381,382,383,386,387,412,415,417,419,457,458,602,612,613,614,615,617,618,619,620,621,622,627,631,632,633,634,635,636,637,663,664,677,680,681,694,700,701,702,707,729,733,741,796,797,798,799,800,801,802,803,804,805,806,807,808,809,813,814],"class_list":{"0":"post-2224","1":"product","2":"type-product","3":"status-publish","4":"has-post-thumbnail","6":"product_cat-home-energy-storage-system","7":"product_cat-12v-lifepo4-battery","8":"product_tag-10s2p","9":"product_tag-10s2p-battery","10":"product_tag-10s2p-battery-pack","11":"product_tag-13ah","12":"product_tag-20ah-48v-battery","13":"product_tag-20ah-48v-lithium-battery","14":"product_tag-20ah-battery-pack","15":"product_tag-20ah-lithium-ion-battery","16":"product_tag-24v-10ah-battery","17":"product_tag-24v-10ah-battery-pack","18":"product_tag-24v-10ah-lithium-batterie","19":"product_tag-24v-10ah-lithium-battery","20":"product_tag-24v-10ah-lithium-ion-battery","21":"product_tag-24v-10ah-lithium-ion-battery-pack","22":"product_tag-24v-20ah-lithium-ion-battery","23":"product_tag-24v-lithium-ion-battery-odm","24":"product_tag-24v-lithium-solar-battery","25":"product_tag-25v-battery","26":"product_tag-25v-lithium-ion-battery","27":"product_tag-48-volt-10ah-lithium-ion-battery","28":"product_tag-48-volt-20ah-lithium-battery","29":"product_tag-48v-10ah","30":"product_tag-48v-10ah-battery","31":"product_tag-48v-10ah-lithium-battery","32":"product_tag-48v-10ah-lithium-ion-battery","33":"product_tag-48v-13ah","34":"product_tag-48v-13ah-battery-pack-supplier","35":"product_tag-48v-14ah-battery","36":"product_tag-48v-14ah-lithium-ion-battery","37":"product_tag-48v-17ah","38":"product_tag-48v-17ah-battery","39":"product_tag-48v-20ah","40":"product_tag-48v-20ah-battery","41":"product_tag-48v-20ah-battery-uk","42":"product_tag-48v-20ah-lifepo4","43":"product_tag-48v-20ah-lifepo4-battery","44":"product_tag-48v-20ah-lifepo4-battery-pack","45":"product_tag-48v-20ah-lithium-battery","46":"product_tag-48v-20ah-lithium-battery-pack","47":"product_tag-48v-20ah-lithium-ion-battery","48":"product_tag-48v-20ah-lithium-ion-battery-pack","49":"product_tag-48v-20ah-lithium-ion-battery-price","50":"product_tag-48v-40ah-lifepo4-battery","51":"product_tag-48v-50ah-lithium-ion-battery","52":"product_tag-48v-8ah","53":"product_tag-48v-8ah-lithium-battery","54":"product_tag-48v-battery-20ah","55":"product_tag-4s2p-lifepo4-battery","56":"product_tag-4s2p-lifepo4-battery-pack","57":"product_tag-72v-100ah-battery","58":"product_tag-72v-100ah-lifepo4-battery-pack","59":"product_tag-72v-100ah-lithium-battery","60":"product_tag-72v-100ah-lithium-battery-pack","61":"product_tag-72v-100ah-lithium-ion-battery-pack","62":"product_tag-72v-100ah-lithium-ion-battery-pack-price","63":"product_tag-72v-40ah","64":"product_tag-72v-40ah-battery","65":"product_tag-72v-40ah-lifepo4-battery-pack","66":"product_tag-72v-40ah-lithium-battery","67":"product_tag-72v-50ah-lithium-battery-pack","68":"product_tag-72v-lifepo4","69":"product_tag-72v-lifepo4-battery","70":"product_tag-72v-lifepo4-battery-pack","71":"product_tag-72v-lithium-phosphate-battery","72":"product_tag-72v40ah-lithium-battery","73":"product_tag-8ah-lithium-battery","74":"product_tag-8ah-lithium-ion-battery","75":"product_tag-battery-24v-10ah","76":"product_tag-battery-48v-10ah","77":"product_tag-battery-48v-20ah","78":"product_tag-battery-72v-40ah","79":"product_tag-china-lithium-ion-motorcycle-battery-customized","80":"product_tag-china-lithium-ion-motorcycle-battery-odm","81":"product_tag-lifepo4-30ah","82":"product_tag-lifepo4-48v-20ah","83":"product_tag-lifepo4-48v-40ah","84":"product_tag-lifepo4-48v-60ah","85":"product_tag-lifepo4-48v-battery-pack","86":"product_tag-lifepo4-60v","87":"product_tag-lifepo4-60v-20ah","88":"product_tag-lifepo4-60v-50ah","89":"product_tag-lifepo4-72v","90":"product_tag-lifepo4-72v-100ah","91":"product_tag-lifepo4-72v-40ah","92":"product_tag-lifepo4-battery-24v-20ah","93":"product_tag-lifepo4-battery-48v-20ah","94":"product_tag-lifepo4-battery-48v-40ah","95":"product_tag-lifepo4-battery-48v-60ah","96":"product_tag-lifepo4-battery-60ah","97":"product_tag-lifepo4-battery-60v","98":"product_tag-lifepo4-battery-72v","99":"product_tag-lifepo4-battery-72v-100ah","100":"product_tag-lithium-24v-100ah","101":"product_tag-lithium-24v-200ah","102":"product_tag-lithium-battery-24v-200ah","103":"product_tag-lithium-battery-48v-20ah","104":"product_tag-lithium-battery-60ah","105":"product_tag-lithium-ion-24v","106":"product_tag-lithium-ion-battery-24v-100ah","107":"product_tag-lithium-ion-battery-24v-10ah","108":"product_tag-lithium-ion-battery-24v-200ah","109":"product_tag-lithium-ion-battery-60v-100ah","110":"product_tag-lithium-iron-phosphate-battery-72v","111":"product_tag-lithium-phosphate-battery-72v","112":"product_tag-lithium-solar-batteries-24v","113":"product_tag-odm-22v-lithium-ionen-batterie","114":"product_tag-odm-24-volt-lifepo4","115":"product_tag-odm-24-volt-lifepo4-battery","116":"product_tag-odm-24v-100ah","117":"product_tag-odm-24v-100ah-lifepo4","118":"product_tag-odm-24v-200ah-lifepo4-battery","119":"product_tag-odm-24v-200ah-lifepo4-battery-manufacturer","120":"product_tag-odm-24v-200ah-lifepo4-battery-supplier","121":"product_tag-odm-24v-50ah-lifepo4-manufacturer","122":"product_tag-odm-24v-50ah-lithium-ion-battery","123":"product_tag-odm-24v-lifepo4-battery","124":"product_tag-odm-24v-lithium-battery-charger-customized","125":"product_tag-odm-24v-lithium-ion-battery-customized","126":"product_tag-odm-24v-lithium-ion-battery-manufacturer","127":"product_tag-odm-50-ah-lifepo4","128":"product_tag-odm-50-ah-lifepo4-manufacturer","130":"first","131":"instock","132":"shipping-taxable","133":"product-type-simple","134":"entry","135":"content-bg","136":"loop-entry"},"_links":{"self":[{"href":"https:\/\/www.kmdpower.com\/da\/wp-json\/wp\/v2\/product\/2224","targetHints":{"allow":["GET"]}}],"collection":[{"href":"https:\/\/www.kmdpower.com\/da\/wp-json\/wp\/v2\/product"}],"about":[{"href":"https:\/\/www.kmdpower.com\/da\/wp-json\/wp\/v2\/types\/product"}],"version-history":[{"count":4,"href":"https:\/\/www.kmdpower.com\/da\/wp-json\/wp\/v2\/product\/2224\/revisions"}],"predecessor-version":[{"id":3959,"href":"https:\/\/www.kmdpower.com\/da\/wp-json\/wp\/v2\/product\/2224\/revisions\/3959"}],"wp:featuredmedia":[{"embeddable":true,"href":"https:\/\/www.kmdpower.com\/da\/wp-json\/wp\/v2\/media\/1214"}],"wp:attachment":[{"href":"https:\/\/www.kmdpower.com\/da\/wp-json\/wp\/v2\/media?parent=2224"}],"wp:term":[{"taxonomy":"product_cat","embeddable":true,"href":"https:\/\/www.kmdpower.com\/da\/wp-json\/wp\/v2\/product_cat?post=2224"},{"taxonomy":"product_tag","embeddable":true,"href":"https:\/\/www.kmdpower.com\/da\/wp-json\/wp\/v2\/product_tag?post=2224"}],"curies":[{"name":"wp","href":"https:\/\/api.w.org\/{rel}","templated":true}]}}