{"id":4478,"date":"2025-06-04T10:14:14","date_gmt":"2025-06-04T10:14:14","guid":{"rendered":"https:\/\/www.kmdpower.com\/?post_type=product&#038;p=4478"},"modified":"2025-06-05T12:20:18","modified_gmt":"2025-06-05T12:20:18","slug":"kamada-power-10kwh-home-sodium-battery","status":"publish","type":"product","link":"https:\/\/www.kmdpower.com\/cs\/product\/kamada-power-10kwh-home-sodium-battery\/","title":{"rendered":"Kamada Power 10kWh dom\u00e1c\u00ed sod\u00edkov\u00e1 baterie"},"content":{"rendered":"<div data-elementor-type=\"product-post\" data-elementor-id=\"4478\" class=\"elementor elementor-4478\" data-elementor-post-type=\"product\">\n\t\t\t\t<div class=\"elementor-element elementor-element-6d06c60f e-flex e-con-boxed e-con e-parent\" data-id=\"6d06c60f\" data-element_type=\"container\" data-settings=\"{&quot;_ha_eqh_enable&quot;:false}\">\n\t\t\t\t\t<div class=\"e-con-inner\">\n\t\t\t\t<div class=\"elementor-element elementor-element-69101ed elementor-widget elementor-widget-text-editor\" data-id=\"69101ed\" data-element_type=\"widget\" data-widget_type=\"text-editor.default\">\n\t\t\t\t<div class=\"elementor-widget-container\">\n\t\t\t\t\t\t\t<p><img fetchpriority=\"high\" decoding=\"async\" class=\"aligncenter\" src=\"https:\/\/www.kmdpower.com\/wp-content\/uploads\/kamada-power-48v-210ah-10kWh-Home-Sodium-Battery-001.jpg\" alt=\"\" width=\"1000\" height=\"420\" \/><br \/><img decoding=\"async\" class=\"size-full wp-image-4495 aligncenter\" src=\"https:\/\/www.kmdpower.com\/wp-content\/uploads\/kamada-power-48v-210ah-10kWh-Home-Sodium-Battery-0002.jpg\" alt=\"\" width=\"1000\" height=\"630\" srcset=\"https:\/\/www.kmdpower.com\/wp-content\/uploads\/kamada-power-48v-210ah-10kWh-Home-Sodium-Battery-0002.jpg 1000w, https:\/\/www.kmdpower.com\/wp-content\/uploads\/kamada-power-48v-210ah-10kWh-Home-Sodium-Battery-0002-300x189.jpg 300w, https:\/\/www.kmdpower.com\/wp-content\/uploads\/kamada-power-48v-210ah-10kWh-Home-Sodium-Battery-0002-768x484.jpg 768w, https:\/\/www.kmdpower.com\/wp-content\/uploads\/kamada-power-48v-210ah-10kWh-Home-Sodium-Battery-0002-18x12.jpg 18w, https:\/\/www.kmdpower.com\/wp-content\/uploads\/kamada-power-48v-210ah-10kWh-Home-Sodium-Battery-0002-600x378.jpg 600w\" sizes=\"(max-width: 1000px) 100vw, 1000px\" \/><\/p><h3 style=\"text-align: center;\"><strong>Vlastnosti dom\u00e1c\u00ed sod\u00edkov\u00e9 baterie Kamada Power 10kWh<\/strong><\/h3><p><strong>Vysok\u00fd v\u00fdkon p\u0159i extr\u00e9mn\u011b n\u00edzk\u00fdch teplot\u00e1ch<\/strong><br \/>Vestav\u011bn\u00e1 sod\u00edko-iontov\u00e1 baterie BMS, podporuje vyb\u00edjen\u00ed p\u0159i -30 \u2103, bez obav z chladn\u00e9ho po\u010das\u00ed.<\/p><p><strong>Bezpe\u010dnost ne\u017e lifepo4<\/strong><br \/>Bezpe\u010dnost nen\u00ed n\u00e1kladem, ale p\u0159\u00ednosem do budoucna.<br \/>bezpe\u010dn\u011bj\u0161\u00ed ne\u017e lifepo4, energy storgy.currently nejbezpe\u010dn\u011bj\u0161\u00ed materi\u00e1l baterie<\/p><p><strong>Bluetooth v re\u00e1ln\u00e9m \u010dase<\/strong><br \/>sledov\u00e1n\u00ed prost\u0159ednictv\u00edm aplikace (voliteln\u00e9)<\/p><p><strong>Protokol m\u011bni\u010de Easy Change<\/strong><br \/>Volba protokolu m\u011bni\u010de na obrazovce, nen\u00ed pot\u0159eba \u017e\u00e1dn\u00fd dal\u0161\u00ed kabel.Dotykov\u00fd displej (voliteln\u00fd)<\/p><h3 style=\"text-align: center;\">Spolehliv\u00fd syst\u00e9m BMS Ultra Saftey<\/h3><p><img decoding=\"async\" class=\"aligncenter\" src=\"https:\/\/www.kmdpower.com\/wp-content\/uploads\/Kamada-Power-Battery-BMS.jpg\" alt=\"\" width=\"1000\" height=\"401\" \/><\/p><p>Syst\u00e9m BMS pro dom\u00e1c\u00ed sod\u00edkov\u00e9 baterie Kamada Power zaji\u0161\u0165uje bezpe\u010dn\u00fd provoz p\u0159i extr\u00e9mn\u00edch teplot\u00e1ch, zabra\u0148uje p\u0159eb\u00edjen\u00ed a vyb\u00edjen\u00ed, prodlu\u017euje \u017eivotnost baterie a poskytuje spolehliv\u00fd v\u00fdkon p\u0159i efektivn\u00edm nab\u00edjen\u00ed a vyb\u00edjen\u00ed. Obsahuje tak\u00e9 nadproudovou a zkratovou ochranu pro bezpe\u010dnost syst\u00e9mu a nab\u00edz\u00ed u\u017eivatel\u016fm mo\u017enosti aktivn\u00edho nebo pasivn\u00edho vyva\u017eov\u00e1n\u00ed pro optimalizaci v\u00fdkonu baterie a energetick\u00e9 \u00fa\u010dinnosti.<\/p><p><img loading=\"lazy\" decoding=\"async\" class=\"size-full wp-image-4496 aligncenter\" src=\"https:\/\/www.kmdpower.com\/wp-content\/uploads\/kamada-power-48v-210ah-10kWh-Home-Sodium-Battery-0004.jpg\" alt=\"\" width=\"1000\" height=\"625\" srcset=\"https:\/\/www.kmdpower.com\/wp-content\/uploads\/kamada-power-48v-210ah-10kWh-Home-Sodium-Battery-0004.jpg 1000w, https:\/\/www.kmdpower.com\/wp-content\/uploads\/kamada-power-48v-210ah-10kWh-Home-Sodium-Battery-0004-300x188.jpg 300w, https:\/\/www.kmdpower.com\/wp-content\/uploads\/kamada-power-48v-210ah-10kWh-Home-Sodium-Battery-0004-768x480.jpg 768w, https:\/\/www.kmdpower.com\/wp-content\/uploads\/kamada-power-48v-210ah-10kWh-Home-Sodium-Battery-0004-18x12.jpg 18w, https:\/\/www.kmdpower.com\/wp-content\/uploads\/kamada-power-48v-210ah-10kWh-Home-Sodium-Battery-0004-600x375.jpg 600w\" sizes=\"(max-width: 1000px) 100vw, 1000px\" \/><br \/><img loading=\"lazy\" decoding=\"async\" class=\"aligncenter\" src=\"https:\/\/www.kmdpower.com\/wp-content\/uploads\/kamada-power-48v-210ah-10kWh-Home-Sodium-Battery-003.jpg\" alt=\"\" width=\"1000\" height=\"817\" \/><br \/><img loading=\"lazy\" decoding=\"async\" class=\"aligncenter\" src=\"https:\/\/www.kmdpower.com\/wp-content\/uploads\/kamada-power-48v-210ah-10kWh-Home-Sodium-Battery-005.jpg\" alt=\"\" width=\"1000\" height=\"500\" \/> <img loading=\"lazy\" decoding=\"async\" class=\"aligncenter\" src=\"https:\/\/www.kmdpower.com\/wp-content\/uploads\/kamada-power-48v-210ah-10kWh-Home-Sodium-Battery-006.jpg\" alt=\"\" width=\"1000\" height=\"465\" \/><\/p><h3>\u00a0<\/h3><h3 style=\"text-align: center;\">Kamada Power 48V 210Ah 10kWh dom\u00e1c\u00ed sod\u00edkov\u00e9 baterie Sc\u00e9n\u00e1\u0159 pou\u017eit\u00ed<\/h3><p><img loading=\"lazy\" decoding=\"async\" class=\"aligncenter\" src=\"https:\/\/www.kmdpower.com\/wp-content\/uploads\/kamada-power-48v-210ah-10kWh-Home-Sodium-Battery-007.jpg\" alt=\"\" width=\"1000\" height=\"349\" \/><\/p><p style=\"text-align: center;\">Kamada Power 48v 210Ah 10kWh dom\u00e1c\u00ed sod\u00edkov\u00e9 baterie Pou\u017eit\u00ed: Pro dom\u00e1c\u00ed skladov\u00e1n\u00ed energie, syst\u00e9my elektrick\u00e9 energie, pro chladn\u00e9 prost\u0159ed\u00ed.<\/p><h3 style=\"text-align: center;\">\u00a0<\/h3><h3 style=\"text-align: center;\">Shenzhen Kamada Electronic Co., Ltd<br \/>V\u00fdstava Kamada Power<\/h3><p>\u00a0<\/p><p><img loading=\"lazy\" decoding=\"async\" class=\"size-full wp-image-4506 aligncenter\" src=\"https:\/\/www.kmdpower.com\/wp-content\/uploads\/about-kamada-power-000-scaled.jpg\" alt=\"\" width=\"932\" height=\"2560\" srcset=\"https:\/\/www.kmdpower.com\/wp-content\/uploads\/about-kamada-power-000-scaled.jpg 932w, https:\/\/www.kmdpower.com\/wp-content\/uploads\/about-kamada-power-000-109x300.jpg 109w, https:\/\/www.kmdpower.com\/wp-content\/uploads\/about-kamada-power-000-373x1024.jpg 373w, https:\/\/www.kmdpower.com\/wp-content\/uploads\/about-kamada-power-000-768x2109.jpg 768w, https:\/\/www.kmdpower.com\/wp-content\/uploads\/about-kamada-power-000-559x1536.jpg 559w, https:\/\/www.kmdpower.com\/wp-content\/uploads\/about-kamada-power-000-746x2048.jpg 746w, https:\/\/www.kmdpower.com\/wp-content\/uploads\/about-kamada-power-000-4x12.jpg 4w, https:\/\/www.kmdpower.com\/wp-content\/uploads\/about-kamada-power-000-600x1648.jpg 600w\" sizes=\"(max-width: 932px) 100vw, 932px\" \/><\/p>\t\t\t\t\t\t<\/div>\n\t\t\t\t<\/div>\n\t\t\t\t\t<\/div>\n\t\t\t\t<\/div>\n\t\t\t\t<\/div>","protected":false},"excerpt":{"rendered":"<ul>\n<li><strong>Model:<\/strong> 48V 210Ah 10kWh dom\u00e1c\u00ed sod\u00edkov\u00e1 baterie<\/li>\n<li><strong>Hmotnost:<\/strong> 102KGS-104KGS (s koly)<\/li>\n<li><strong>\u017divotnost cyklu: <\/strong>6000 kr\u00e1t<\/li>\n<li><strong>Rozm\u011bry:<\/strong> 470 x 680 x 240 mm (bez kole\u010dek)<\/li>\n<li><strong>Certifik\u00e1t:<\/strong>\u00a0CE\/UN38.3\/MSDS<\/li>\n<li><strong>V\u00fdrobci sod\u00edkov\u00fdch bateri\u00ed:<\/strong>\u00a0Kamada Power<\/li>\n<li><strong>Typ baterie:<\/strong>\u00a0Sod\u00edkov\u00e9 iontov\u00e9 baterie<\/li>\n<li><strong>Z\u00e1kladn\u00ed funkce:<\/strong> Vynikaj\u00edc\u00ed v\u00fdkon p\u0159i n\u00edzk\u00fdch teplot\u00e1ch (-30 \u2103 ~ +60 \u2103), RS485\/RS232\/Bluetooth\/CAN (voliteln\u011b), p\u0159izp\u016fsoben\u00e1 aplikace, IP21<\/li>\n<li><strong>Podpora bateri\u00ed:<\/strong> Velkoobchod, OEM.ODM 48V 210Ah 10kWh dom\u00e1c\u00ed sod\u00edkov\u00e9 baterie<\/li>\n<li><strong>Z\u00e1ruka:<\/strong> 10 let<\/li>\n<li><strong>Doba dod\u00e1n\u00ed:<\/strong>\u00a07-14 dn\u00ed pro vzorky, 35-60 dn\u00ed pro s\u00e9riovou v\u00fdrobu<\/li>\n<li><strong>Podpora velkoobchodu, distributor\u016f a OEM ODM bateri\u00ed na zak\u00e1zku. Pros\u00edm,\u00a0<a title=\"Kontakt Kamada Power\" href=\"https:\/\/www.kmdpower.com\/cs\/contact-us\/\" target=\"_blank\" rel=\"noopener\">Kontaktujte n\u00e1s<\/a>!<\/strong><\/li>\n<\/ul>","protected":false},"featured_media":4481,"template":"","meta":{"rank_math_lock_modified_date":false,"_kad_post_transparent":"default","_kad_post_title":"","_kad_post_layout":"default","_kad_post_sidebar_id":"","_kad_post_content_style":"default","_kad_post_vertical_padding":"default","_kad_post_feature":"","_kad_post_feature_position":"","_kad_post_header":false,"_kad_post_footer":false},"product_cat":[17,32],"product_tag":[40,42,45,46,71],"class_list":{"0":"post-4478","1":"product","2":"type-product","3":"status-publish","4":"has-post-thumbnail","6":"product_cat-home-energy-storage-system","7":"product_cat-sodium-ion-battery-manufacturers","8":"product_tag-china-sodium-ion-battery-factory","9":"product_tag-china-sodium-ion-battery-supplier","10":"product_tag-custom-sodium-ion-battery-manufacturers","11":"product_tag-custom-sodium-ion-battery-supplier","12":"product_tag-sodium-ion-battery","14":"first","15":"instock","16":"featured","17":"shipping-taxable","18":"product-type-simple","19":"entry","20":"content-bg","21":"loop-entry"},"_links":{"self":[{"href":"https:\/\/www.kmdpower.com\/cs\/wp-json\/wp\/v2\/product\/4478","targetHints":{"allow":["GET"]}}],"collection":[{"href":"https:\/\/www.kmdpower.com\/cs\/wp-json\/wp\/v2\/product"}],"about":[{"href":"https:\/\/www.kmdpower.com\/cs\/wp-json\/wp\/v2\/types\/product"}],"version-history":[{"count":5,"href":"https:\/\/www.kmdpower.com\/cs\/wp-json\/wp\/v2\/product\/4478\/revisions"}],"predecessor-version":[{"id":4509,"href":"https:\/\/www.kmdpower.com\/cs\/wp-json\/wp\/v2\/product\/4478\/revisions\/4509"}],"wp:featuredmedia":[{"embeddable":true,"href":"https:\/\/www.kmdpower.com\/cs\/wp-json\/wp\/v2\/media\/4481"}],"wp:attachment":[{"href":"https:\/\/www.kmdpower.com\/cs\/wp-json\/wp\/v2\/media?parent=4478"}],"wp:term":[{"taxonomy":"product_cat","embeddable":true,"href":"https:\/\/www.kmdpower.com\/cs\/wp-json\/wp\/v2\/product_cat?post=4478"},{"taxonomy":"product_tag","embeddable":true,"href":"https:\/\/www.kmdpower.com\/cs\/wp-json\/wp\/v2\/product_tag?post=4478"}],"curies":[{"name":"wp","href":"https:\/\/api.w.org\/{rel}","templated":true}]}}