{"id":2324,"date":"2024-10-15T06:19:12","date_gmt":"2024-10-15T06:19:12","guid":{"rendered":"http:\/\/www.kmdpower.com\/?post_type=product&#038;p=2324"},"modified":"2025-01-19T07:09:52","modified_gmt":"2025-01-19T07:09:52","slug":"all-in-one-5kw-inverter-5kwh-lifepo4-battery-48v-51-2v-100ah-lithium-battery-pack-vertical-product","status":"publish","type":"product","link":"https:\/\/www.kmdpower.com\/cs\/all-in-one-5kw-inverter-5kwh-lifepo4-battery-48v-51-2v-100ah-lithium-battery-pack-vertical-product\/","title":{"rendered":"5kWh v\u0161e v jednom sol\u00e1rn\u00edm syst\u00e9mu St\u0159\u00edda\u010d 5kWh LiFePO4 baterie 48V 51,2V 100Ah lithiov\u00e1 baterie"},"content":{"rendered":"<p><a href=\"https:\/\/www.kmdpower.com\/cs\/contact-us\/\"><img fetchpriority=\"high\" decoding=\"async\" class=\"aligncenter\" src=\"http:\/\/www.kmdpower.com\/wp-content\/uploads\/Contact-US-Kamada-Power-Shenzhen-Kamada-Electronic-Co-Ltd.jpg\" alt=\"\" width=\"1000\" height=\"200\" \/><\/a><\/p>\n<p><img decoding=\"async\" class=\"aligncenter wp-image-2317 size-full\" src=\"http:\/\/www.kmdpower.com\/wp-content\/uploads\/kamada-power-all-in-one-solar-power-system-Y001.jpg\" alt=\"Kamada Power All in One Sol\u00e1rn\u00ed syst\u00e9m 001\" width=\"1000\" height=\"414\" \/><\/p>\n<h3 style=\"text-align: center;\">Kamada Power 51,2V 100Ah 5kWh V\u0161e v jednom sol\u00e1rn\u00edm syst\u00e9mu Funkce<\/h3>\n<p><img decoding=\"async\" class=\"aligncenter wp-image-2318 size-full\" src=\"http:\/\/www.kmdpower.com\/wp-content\/uploads\/Kamada-Power-All-in-One-Solar-Power-System-Y002.jpg\" alt=\"Kamada Power All in One Solar Power System 002\" width=\"1000\" height=\"788\" \/><\/p>\n<h3 style=\"text-align: center;\">Funkce ekvalizace\uff08Aktivn\u00ed nebo pasivn\u00ed voliteln\u011b)<\/h3>\n<p>&nbsp;<\/p>\n<p><img loading=\"lazy\" decoding=\"async\" class=\"aligncenter wp-image-978 size-full\" src=\"http:\/\/www.kmdpower.com\/wp-content\/uploads\/Active-Equalization-Function-and-Active-Passive-Optional-0.png\" alt=\"Funkce aktivn\u00ed ekvalizace a voliteln\u00e1 aktivn\u00ed pasivn\u00ed funkce 0\" width=\"1000\" height=\"246\" \/><\/p>\n<div>\n<p>Tento sol\u00e1rn\u00ed syst\u00e9m Kamada Power Vertical ESS 48V 51,2V 100Ah 5kWh All In One s flexibiln\u00edm modul\u00e1rn\u00edm syst\u00e9mem lze navrhnout podle denn\u00ed spot\u0159eby energie v dom\u00e1cnosti.Tato \u0161pi\u010dkov\u00e1 elektr\u00e1rna v\u00e1m poskytne energii pro provoz ka\u017edodenn\u00edch dom\u00e1c\u00edch spot\u0159ebi\u010d\u016f nebo dokonce zajist\u00ed z\u00e1lo\u017en\u00ed nap\u00e1jen\u00ed cel\u00e9ho domu na jeden nebo dva dny v z\u00e1vislosti na va\u0161ich po\u017eadavc\u00edch na zat\u00ed\u017een\u00ed.<\/p>\n<p>&nbsp;<\/p>\n<\/div>\n<h3 style=\"text-align: center;\">Nejd\u016fle\u017eit\u011bj\u0161\u00ed informace o produktu<\/h3>\n<p><strong>Dlouh\u00e1 \u017eivotnost:<\/strong>V\u00edce ne\u017e 6000 cykl\u016f @ 90% DOD<br \/>\n<strong>N\u00edzk\u00e1 spot\u0159eba energie:<\/strong>N\u00edzk\u00e1 spot\u0159eba energie v pohotovostn\u00edm re\u017eimu \u226415 W, provozn\u00ed ztr\u00e1ty bez zat\u00ed\u017een\u00ed men\u0161\u00ed ne\u017e 100 W<br \/>\n<strong>Modul\u00e1rn\u00ed design:<\/strong>P\u0159idejte libovoln\u00fd po\u010det bateriov\u00fdch modul\u016f<br \/>\n<strong>Funkce bezprobl\u00e9mov\u00e9ho p\u0159ep\u00edn\u00e1n\u00ed:<\/strong>Podpora plynul\u00e9ho p\u0159ep\u00edn\u00e1n\u00ed mezi paraleln\u00ed a off-grid s\u00edt\u00ed (m\u00e9n\u011b ne\u017e 5 ms)<br \/>\n<strong>Vysok\u00e1 integrace:<\/strong>Vestav\u011bn\u00fd m\u011bni\u010d Hybird, BMS, bateriov\u00e1 banka<br \/>\n<strong>Vzd\u00e1len\u00fd firmware:<\/strong>Ovl\u00e1dejte a monitorujte sv\u016fj inteligentn\u00ed syst\u00e9m na cest\u00e1ch prost\u0159ednictv\u00edm na\u0161\u00ed aplikace a port\u00e1lu Kamada Power Monitoring.<br \/>\n<strong>Stohovateln\u00fd design:<\/strong>Pot\u0159ebujete v\u011bt\u0161\u00ed kapacitu? Modul\u00e1rn\u00ed konstrukce umo\u017e\u0148uje paraleln\u00ed instalaci v\u00edce jednotek<br \/>\n<strong>Vysok\u00e9 nap\u011bt\u00ed:<\/strong>Vysokonap\u011b\u0165ov\u00e1 BMS umo\u017e\u0148uje vy\u0161\u0161\u00ed \u00fa\u010dinnost p\u0159i nab\u00edjen\u00ed a vyb\u00edjen\u00ed.<br \/>\n<strong>Kamada Power 25,6V 200Ah 5kWh All in One Solar Power System Can Stack Battery s vestav\u011bn\u00fdm m\u011bni\u010dem:<\/strong>Vysokonap\u011b\u0165ov\u00e1 BMS umo\u017e\u0148uje vy\u0161\u0161\u00ed nab\u00edjec\u00ed a vyb\u00edjec\u00ed v\u00fdkon p\u0159i ni\u017e\u0161\u00edm proudu, co\u017e zaji\u0161\u0165uje vy\u0161\u0161\u00ed \u00fa\u010dinnost ne\u017e na\u0161e \u0159ada s ni\u017e\u0161\u00edm nap\u011bt\u00edm.<\/p>\n<p>&nbsp;<\/p>\n<div>\n<h3 style=\"text-align: center;\">Spolehliv\u00fd syst\u00e9m BMS Ultra Saftey<\/h3>\n<p><img loading=\"lazy\" decoding=\"async\" class=\"aligncenter wp-image-1283 size-full\" src=\"http:\/\/www.kmdpower.com\/wp-content\/uploads\/Kamada-Power-Battery-BMS.jpg\" alt=\"Kamada Power Battery BMS\" width=\"1000\" height=\"401\" \/><\/p>\n<p style=\"text-align: left;\">Syst\u00e9m Kamada Power All In One Solar Power System BMS zaji\u0161\u0165uje bezpe\u010dn\u00fd provoz p\u0159i extr\u00e9mn\u00edch teplot\u00e1ch, zabra\u0148uje p\u0159eb\u00edjen\u00ed a vyb\u00edjen\u00ed, prodlu\u017euje \u017eivotnost baterie a poskytuje spolehliv\u00fd v\u00fdkon p\u0159i efektivn\u00edm nab\u00edjen\u00ed a vyb\u00edjen\u00ed. Obsahuje tak\u00e9 nadproudovou a zkratovou ochranu pro bezpe\u010dnost syst\u00e9mu a nab\u00edz\u00ed u\u017eivatel\u016fm mo\u017enosti aktivn\u00edho nebo pasivn\u00edho vyva\u017eov\u00e1n\u00ed pro optimalizaci v\u00fdkonu baterie a energetick\u00e9 \u00fa\u010dinnosti.<\/p>\n<p>&nbsp;<\/p>\n<h3 style=\"text-align: center;\">Kamada Power 48V 51,2V 100Ah 5kWh All In One Solar Power System Funkce Vlastnosti<\/h3>\n<p><img loading=\"lazy\" decoding=\"async\" class=\"aligncenter wp-image-1220 size-full\" src=\"http:\/\/www.kmdpower.com\/wp-content\/uploads\/Kamada-Power-25-6V-200Ah-5kWh-All-In-One-Solar-Power-System-002.jpg\" alt=\"Sol\u00e1rn\u00ed syst\u00e9m Kamada Power All in One 003\" width=\"1000\" height=\"792\" \/><\/p>\n<p><strong>St\u0159\u00edda\u010d pro ukl\u00e1d\u00e1n\u00ed energie:<\/strong>\u00a0Vestav\u011bn\u00fd m\u011bni\u010d, nen\u00ed t\u0159eba extern\u00ed m\u011bni\u010d, pohodln\u00e9 a rychl\u00e9 pou\u017eit\u00ed.<br \/>\n<strong>LED displej:<\/strong>\u00a0provozn\u00ed \u00fadaje baterie v re\u00e1ln\u00e9m \u010dase<br \/>\n<strong>WiFi a aplikace:<\/strong>\u00a0\u00dadaje o baterii lze zobrazit pomoc\u00ed WiFi a APP, informace o baterii sol\u00e1rn\u00edho syst\u00e9mu All in one v re\u00e1ln\u00e9m \u010dase.<br \/>\n<strong>Sada bateri\u00ed Lifepo4:<\/strong>\u00a0Baterie Lifepo4, bezpe\u010dn\u00e1 a spolehliv\u00e1, bez nutnosti \u00fadr\u017eby<br \/>\n<strong>Zobrazen\u00ed \u00farovn\u011b nabit\u00ed baterie:<\/strong>\u00a0zobrazen\u00ed aktu\u00e1ln\u00edho pr\u016fb\u011bhu \u00farovn\u011b v re\u00e1ln\u00e9m \u010dase<br \/>\n<strong>Stohovan\u00e1 baterie:<\/strong>\u00a0snadn\u00e9 roz\u0161\u00ed\u0159en\u00ed kapacity<br \/>\n<strong>Z\u00e1kladna baterie:<\/strong>\u00a0robustn\u00ed a odoln\u00e9<\/p>\n<p>&nbsp;<\/p>\n<h3 style=\"text-align: center;\">Kamada Power 48V 51,2V 100Ah 5kWh All in One Solar Power System Sc\u00e9n\u00e1\u0159 pou\u017eit\u00ed<\/h3>\n<p><img loading=\"lazy\" decoding=\"async\" class=\"aligncenter wp-image-1354 size-full\" src=\"http:\/\/www.kmdpower.com\/wp-content\/uploads\/kamada-powerwall-battery-application-scenario-.jpg\" alt=\"sc\u00e9n\u00e1\u0159 pou\u017eit\u00ed baterie kamada powerwall\" width=\"1000\" height=\"462\" \/><\/p>\n<p><strong>Kamada Power All in One Solar Power System Lze pou\u017e\u00edt v n\u00e1sleduj\u00edc\u00edch sc\u00e9n\u00e1\u0159\u00edch:<\/strong><\/p>\n<p><strong>Slune\u010dn\u00ed soustava:<\/strong> Uchov\u00e1vejte sol\u00e1rn\u00ed energii pro st\u00e1l\u00e9 nap\u00e1jen\u00ed ve dne i v noci.<br \/>\n<strong>Cestov\u00e1n\u00ed obytn\u00fdm vozem:<\/strong> Poskytnout p\u0159enosn\u00e9 \u00falo\u017ei\u0161t\u011b energie na cesty.<br \/>\n<strong>Lod\u011b \/ lodn\u00ed doprava:<\/strong> Zajist\u011bte si nep\u0159etr\u017eit\u00e9 nap\u00e1jen\u00ed b\u011bhem plavby nebo kotven\u00ed.<br \/>\n<strong>Mimo s\u00ed\u0165:<\/strong> Z\u016fsta\u0148te ve spojen\u00ed se spolehliv\u00fdm z\u00e1lo\u017en\u00edm nap\u00e1jen\u00edm na vzd\u00e1len\u00fdch m\u00edstech.<\/p>\n<p>&nbsp;<\/p>\n<h3 style=\"text-align: center;\">Pro\u010d si vybrat Kamada Power OEM ODM pro va\u0161e bateriov\u00e9 produkty?<\/h3>\n<p><strong>T\u011bchto probl\u00e9m\u016f s vlastn\u00edmi bateriemi se nemus\u00edte ob\u00e1vat!<\/strong><br \/>\nNeschopnost splnit va\u0161e po\u017eadavky na baterie na m\u00edru, dlouh\u00e1 doba v\u00fdroby, pomal\u00e1 dodac\u00ed lh\u016fta, neefektivn\u00ed komunikace, \u017e\u00e1dn\u00e1 z\u00e1ruka kvality, nekonkurenceschopn\u00e1 cena v\u00fdrobk\u016f a \u0161patn\u00e9 zku\u0161enosti se servisem jsou tyto probl\u00e9my!<\/p>\n<p><strong>S\u00edla profesionality!<\/strong><br \/>\nObslou\u017eili jsme tis\u00edce z\u00e1kazn\u00edk\u016f z r\u016fzn\u00fdch pr\u016fmyslov\u00fdch odv\u011btv\u00ed a p\u0159izp\u016fsobili jsme tis\u00edce bateriov\u00fdch produkt\u016f! V\u00edme, jak d\u016fle\u017eit\u00e1 je hloubkov\u00e1 komunikace pot\u0159eb, zn\u00e1me bateriov\u00e9 v\u00fdrobky od n\u00e1vrhu a\u017e po s\u00e9riovou v\u00fdrobu r\u016fzn\u00fdch technick\u00fdch v\u00fdzev a probl\u00e9m\u016f a v\u00edme, jak tyto probl\u00e9my rychle a efektivn\u011b \u0159e\u0161it!<\/p>\n<p><strong>Vyv\u00edjejte efektivn\u00ed \u0159e\u0161en\u00ed bateri\u00ed na m\u00edru!<\/strong><br \/>\nV reakci na va\u0161e pot\u0159eby t\u00fdkaj\u00edc\u00ed se bateri\u00ed na m\u00edru v\u00e1m speci\u00e1ln\u011b p\u0159id\u011bl\u00edme projektov\u00fd t\u00fdm pro technologii bateri\u00ed, kter\u00fd v\u00e1m poskytne slu\u017eby 1:1. Budeme s v\u00e1mi d\u016fkladn\u011b komunikovat o odv\u011btv\u00ed, sc\u00e9n\u00e1\u0159\u00edch, po\u017eadavc\u00edch, bolestiv\u00fdch bodech, v\u00fdkonu a funk\u010dnosti a vyvineme vlastn\u00ed \u0159e\u0161en\u00ed bateri\u00ed.<\/p>\n<p><strong>Rychl\u00e9 dod\u00e1n\u00ed zak\u00e1zkov\u00e9 v\u00fdroby bateri\u00ed!<\/strong><br \/>\nJsme agiln\u00ed a rychl\u00ed, abychom v\u00e1m pomohli od n\u00e1vrhu bateri\u00ed, p\u0159es odb\u011br vzork\u016f bateri\u00ed a\u017e po jejich s\u00e9riovou v\u00fdrobu. Dos\u00e1hn\u011bte rychl\u00e9ho n\u00e1vrhu v\u00fdrobku, rychl\u00e9 v\u00fdroby a zpracov\u00e1n\u00ed, rychl\u00e9ho dod\u00e1n\u00ed a expedice, nejlep\u0161\u00ed kvality a v\u00fdrobn\u00ed ceny bateri\u00ed na zak\u00e1zku!<\/p>\n<p><strong>Pom\u016f\u017ee v\u00e1m rychle vyu\u017e\u00edt p\u0159\u00edle\u017eitost na trhu s bateriemi pro ukl\u00e1d\u00e1n\u00ed energie!<\/strong><br \/>\nSpole\u010dnost Kamada Power v\u00e1m pom\u016f\u017ee rychle dos\u00e1hnout diferencovan\u00fdch bateriov\u00fdch produkt\u016f na m\u00edru, zlep\u0161it konkurenceschopnost v\u00fdrobk\u016f a pomoci v\u00e1m rychle z\u00edskat vedouc\u00ed postaven\u00ed na trhu s bateriemi pro ukl\u00e1d\u00e1n\u00ed energie.<\/p>\n<p>&nbsp;<\/p>\n<h3 style=\"text-align: center;\">Shenzhen Kamada Electronic Co., Ltd<br \/>\nV\u00fdstava Kamada Power<\/h3>\n<p><img loading=\"lazy\" decoding=\"async\" class=\"aligncenter wp-image-1297 size-full\" src=\"http:\/\/www.kmdpower.com\/wp-content\/uploads\/Kamada-Power-Exhibition-Shenzhen-Kamada-Electronic-Co-Ltd.png\" alt=\"V\u00fdstava Kamada Power Shenzhen Kamada Electronic Co Ltd\" width=\"1920\" height=\"841\" \/><\/p>\n<p>&nbsp;<\/p>\n<h3 style=\"text-align: center;\">Certifikace v\u00fdrobc\u016f nap\u00e1jec\u00edch bateri\u00ed Kamada<\/h3>\n<p><img loading=\"lazy\" decoding=\"async\" class=\"aligncenter wp-image-1285 size-full\" src=\"http:\/\/www.kmdpower.com\/wp-content\/uploads\/Kamada-Power-Battery-Certification.png\" alt=\"Certifikace v\u00fdrobc\u016f nap\u00e1jec\u00edch bateri\u00ed Kamada\" width=\"1344\" height=\"462\" \/><\/p>\n<p>&nbsp;<\/p>\n<h3 style=\"text-align: center;\">Kamada Power V\u00fdrobci lithium-iontov\u00fdch bateri\u00ed Tov\u00e1rn\u00ed v\u00fdrobn\u00ed proces<\/h3>\n<p><img loading=\"lazy\" decoding=\"async\" class=\"aligncenter wp-image-1323 size-full\" src=\"http:\/\/www.kmdpower.com\/wp-content\/uploads\/Kamada-Power-Lithium-ion-Battery-Manufacturers-Factory-Production-Process-02.jpg\" alt=\"V\u00fdrobci lithium-iontov\u00fdch bateri\u00ed Kamada Power V\u00fdrobn\u00ed proces 02\" width=\"1000\" height=\"517\" \/><\/p>\n<p>&nbsp;<\/p>\n<h3 style=\"text-align: center;\">V\u00fdrobci nap\u00e1jec\u00edch bateri\u00ed Kamada<\/h3>\n<p><img loading=\"lazy\" decoding=\"async\" class=\"aligncenter wp-image-1324 size-full\" src=\"http:\/\/www.kmdpower.com\/wp-content\/uploads\/Kamada-Power-Lithium-ion-Battery-Manufacturers-Factory-Show.jpg\" alt=\"Kamada Power V\u00fdrobci lithium-iontov\u00fdch bateri\u00ed Factory Show\" width=\"1000\" height=\"584\" \/><\/p>\n<p>Kamada Power Battery Factory vyr\u00e1b\u00ed v\u0161echny typy bateri\u00ed na m\u00edru: dom\u00e1c\u00ed sol\u00e1rn\u00ed baterie, baterie pro n\u00edzkorychlostn\u00ed vozidla (golfov\u00e9 baterie, baterie pro obytn\u00e1 vozidla, olov\u011bn\u00e9 lithiov\u00e9 baterie, baterie pro elektrick\u00e9 voz\u00edky, baterie pro vysokozdvi\u017en\u00e9 voz\u00edky), lodn\u00ed baterie, baterie pro v\u00fdletn\u00ed lod\u011b, vysokonap\u011b\u0165ov\u00e9 baterie, stohovan\u00e9 baterie,\u00a0<strong><a title=\"V\u00fdrobci sod\u00edkov\u00fdch bateri\u00ed\" href=\"http:\/\/www.kmdpower.com\/cs\/sodium-ion-battery-manufacturers\/\" target=\"_blank\" rel=\"noopener\">Sod\u00edkov\u00e9 iontov\u00e9 baterie<\/a>,\u00a0<a href=\"http:\/\/www.kmdpower.com\/cs\/commercial-energy-storage-systems\/\" target=\"_blank\" rel=\"noopener\">pr\u016fmyslov\u00e9 a komer\u010dn\u00ed syst\u00e9my skladov\u00e1n\u00ed energie<\/a><\/strong><\/p>\n<p>&nbsp;<\/p>\n<\/div>","protected":false},"excerpt":{"rendered":"<ul>\n<li><strong>Model:<\/strong>\u00a051,2V 100Ah 5kWh v\u0161e v jednom sol\u00e1rn\u00edm syst\u00e9mu<\/li>\n<li><strong>\u017divotnost cyklu:<\/strong>\u00a06000 kr\u00e1t<\/li>\n<li><strong>Hmotnost:<\/strong>\u00a060KGS<\/li>\n<li><strong>Rozm\u011bry:<\/strong>\u00a0903*535*160 mm<\/li>\n<li><strong>Certifik\u00e1t:<\/strong>\u00a0CE\/UN38.3\/MSDS<\/li>\n<li><strong>V\u00fdrobci sol\u00e1rn\u00edch syst\u00e9m\u016f All In One:<\/strong>\u00a0Kamada Power<\/li>\n<li><strong>Typ baterie:<\/strong>\u00a0Baterie LiFePO4<\/li>\n<li><strong>Z\u00e1kladn\u00ed funkce:<\/strong>\u00a0WiFi, p\u0159izp\u016fsoben\u00e1 aplikace (voliteln\u011b)<\/li>\n<li><strong>Podpora bateri\u00ed:<\/strong>\u00a0Velkoobchod, OEM.ODM V\u0161e v jednom sol\u00e1rn\u00edm syst\u00e9mu<\/li>\n<li><strong>Z\u00e1ruka:<\/strong>\u00a010 let<\/li>\n<li><strong>Doba dod\u00e1n\u00ed:<\/strong>\u00a07-14 dn\u00ed pro vzorky, 35-60 dn\u00ed pro s\u00e9riovou v\u00fdrobu<\/li>\n<li><strong>Podpora velkoobchodu, distributor\u016f a OEM ODM bateri\u00ed na zak\u00e1zku. Pros\u00edm,\u00a0<a title=\"Kontakt Kamada Power\" href=\"https:\/\/www.kmdpower.com\/cs\/contact-us\/\" target=\"_blank\" rel=\"noopener\">Kontaktujte n\u00e1s<\/a>!<\/strong><\/li>\n<\/ul>","protected":false},"featured_media":1575,"template":"","meta":{"rank_math_lock_modified_date":false,"_kad_post_transparent":"default","_kad_post_title":"","_kad_post_layout":"default","_kad_post_sidebar_id":"","_kad_post_content_style":"default","_kad_post_vertical_padding":"default","_kad_post_feature":"","_kad_post_feature_position":"","_kad_post_header":false,"_kad_post_footer":false},"product_cat":[17,34],"product_tag":[224,242,319,327,323,324,325,326,332,333,334,335,336,337,338,339,340,341,342,343,344,345,346,347,366,367,384,385,388,392,79,418,509,511,616,641,706,815,816,817,932,933,934,1046,1112,1113,1120,1121,1119,1123],"class_list":{"0":"post-2324","1":"product","2":"type-product","3":"status-publish","4":"has-post-thumbnail","6":"product_cat-home-energy-storage-system","7":"product_cat-all-in-one-solar-power-system-manufacturers","8":"product_tag-3kwh-battery","9":"product_tag-48v-100ah-lifepo4-5-12-kwh","10":"product_tag-48v100ah-power-wall-5kwh-lithium-lifepo4-battery","11":"product_tag-5-12-kwh-lithium-battery","12":"product_tag-5-kw-battery","13":"product_tag-5-kwh-lithium-battery","14":"product_tag-5-kwh-lithium-ion-battery","15":"product_tag-5-kwh-solar-battery","16":"product_tag-52v-lifepo4-battery","17":"product_tag-5kw-battery","18":"product_tag-5kw-battery-storage","19":"product_tag-5kw-lithium-battery","20":"product_tag-5kw-lithium-ion-battery","21":"product_tag-5kw-powerwall","22":"product_tag-5kw-server-rack-battery","23":"product_tag-5kw-solar-battery","24":"product_tag-5kw-solar-system-battery-bank","25":"product_tag-5kwh","26":"product_tag-5kwh-2448v-server-rack-lifepo4","27":"product_tag-5kwh-48v-rack-battery","28":"product_tag-5kwh-battery-pack","29":"product_tag-5kwh-lifepo4-battery","30":"product_tag-5kwh-lithium-battery","31":"product_tag-6-5-kwh-lithium-battery","32":"product_tag-6kw-battery-storage","33":"product_tag-6kwh-lithium-battery","34":"product_tag-7kw-battery","35":"product_tag-7kwh-battery","36":"product_tag-9-6-kwh-lithium-battery","37":"product_tag-all-in-one-ess","38":"product_tag-all-in-one-solar-power-system","39":"product_tag-battery-5kwh","40":"product_tag-customized-5-kwh-lithium-ion-battery","41":"product_tag-customized-5kwh-lifepo4-battery","42":"product_tag-lifepo4-5kwh","43":"product_tag-lifepo4-battery-powerwall-5kw-48v","44":"product_tag-lithium-ion-battery-5kwh","45":"product_tag-odm-5kwh-lifepo4-battery","46":"product_tag-odm-5kwh-lifepo4-battery-manufacturer","47":"product_tag-odm-5kwh-lifepo4-battery-supplier","48":"product_tag-oem-5kwh-lifepo4-battery","49":"product_tag-oem-5kwh-lifepo4-battery-manufacturer","50":"product_tag-oem-5kwh-lifepo4-battery-supplier","51":"product_tag-server-rack-lifepo4-5kw","52":"product_tag-wholesale-48v-100ah-lifepo4-5-12-kwh-factory","53":"product_tag-wholesale-48v-100ah-lifepo4-5-12-kwh-supplier","54":"product_tag-wholesale-5-12-kwh-lithium-battery-manufacturers","55":"product_tag-wholesale-5-12-kwh-lithium-battery-supplier","56":"product_tag-wholesale-5-kwh-lithium-battery","57":"product_tag-wholesale-battery-5kwh","59":"first","60":"instock","61":"shipping-taxable","62":"product-type-simple","63":"entry","64":"content-bg","65":"loop-entry"},"_links":{"self":[{"href":"https:\/\/www.kmdpower.com\/cs\/wp-json\/wp\/v2\/product\/2324","targetHints":{"allow":["GET"]}}],"collection":[{"href":"https:\/\/www.kmdpower.com\/cs\/wp-json\/wp\/v2\/product"}],"about":[{"href":"https:\/\/www.kmdpower.com\/cs\/wp-json\/wp\/v2\/types\/product"}],"version-history":[{"count":3,"href":"https:\/\/www.kmdpower.com\/cs\/wp-json\/wp\/v2\/product\/2324\/revisions"}],"predecessor-version":[{"id":3919,"href":"https:\/\/www.kmdpower.com\/cs\/wp-json\/wp\/v2\/product\/2324\/revisions\/3919"}],"wp:featuredmedia":[{"embeddable":true,"href":"https:\/\/www.kmdpower.com\/cs\/wp-json\/wp\/v2\/media\/1575"}],"wp:attachment":[{"href":"https:\/\/www.kmdpower.com\/cs\/wp-json\/wp\/v2\/media?parent=2324"}],"wp:term":[{"taxonomy":"product_cat","embeddable":true,"href":"https:\/\/www.kmdpower.com\/cs\/wp-json\/wp\/v2\/product_cat?post=2324"},{"taxonomy":"product_tag","embeddable":true,"href":"https:\/\/www.kmdpower.com\/cs\/wp-json\/wp\/v2\/product_tag?post=2324"}],"curies":[{"name":"wp","href":"https:\/\/api.w.org\/{rel}","templated":true}]}}