{"id":2304,"date":"2024-10-15T02:59:08","date_gmt":"2024-10-15T02:59:08","guid":{"rendered":"http:\/\/www.kmdpower.com\/?post_type=product&#038;p=2304"},"modified":"2025-01-19T07:03:21","modified_gmt":"2025-01-19T07:03:21","slug":"10kwh-rack-battery-48v-200ah-lifepo4-energy-storage-battery-for-telecome-site-use-product","status":"publish","type":"product","link":"https:\/\/www.kmdpower.com\/cs\/10kwh-rack-battery-48v-200ah-lifepo4-energy-storage-battery-for-telecome-site-use-product\/","title":{"rendered":"10Kwh stojanov\u00e1 baterie 48V 200Ah lifepo4 pro skladov\u00e1n\u00ed energie pro pou\u017eit\u00ed na stavb\u00e1ch telecomu"},"content":{"rendered":"<p><a href=\"https:\/\/www.kmdpower.com\/cs\/contact-us\/\"><img fetchpriority=\"high\" decoding=\"async\" class=\"aligncenter\" src=\"http:\/\/www.kmdpower.com\/wp-content\/uploads\/Contact-US-Kamada-Power-Shenzhen-Kamada-Electronic-Co-Ltd.jpg\" alt=\"\" width=\"1000\" height=\"200\" \/><\/a><\/p>\n<p><img decoding=\"async\" class=\"aligncenter wp-image-1222 size-full\" src=\"http:\/\/www.kmdpower.com\/wp-content\/uploads\/Kamada-Power-48V-100Ah-Server-Rack-Battery-001.jpg\" alt=\"Kamada Power 48V 100Ah 10kw Server Rack Battery\" width=\"1000\" height=\"435\" \/><\/p>\n<h3 style=\"text-align: center;\">Vlastnosti baterie Kamada Power 48V 200Ah pro serverov\u00e9 stojany<\/h3>\n<p><img decoding=\"async\" class=\"aligncenter wp-image-1226 size-full\" src=\"http:\/\/www.kmdpower.com\/wp-content\/uploads\/Kamada-Power-48V-100Ah-Server-Rack-Battery-Features-002.jpg\" alt=\"Vlastnosti baterie Kamada Power 48V 100Ah pro serverov\u00e9 stojany\" width=\"1000\" height=\"787\" \/><\/p>\n<h3 style=\"text-align: center;\">Funkce ekvalizace\uff08Aktivn\u00ed nebo pasivn\u00ed voliteln\u011b)<\/h3>\n<p>&nbsp;<\/p>\n<p><img loading=\"lazy\" decoding=\"async\" class=\"aligncenter wp-image-978 size-full\" src=\"http:\/\/www.kmdpower.com\/wp-content\/uploads\/Active-Equalization-Function-and-Active-Passive-Optional-0.png\" alt=\"Funkce aktivn\u00ed ekvalizace a voliteln\u00e1 aktivn\u00ed pasivn\u00ed funkce 0\" width=\"1000\" height=\"246\" \/><\/p>\n<div>\n<p>&nbsp;<\/p>\n<\/div>\n<div>\n<div>\n<h3 style=\"text-align: center;\">Kamada Power OEM ODM Custom Server Rack Nap\u011bt\u00ed a kapacita baterie<\/h3>\n<p><img loading=\"lazy\" decoding=\"async\" class=\"aligncenter wp-image-1223 size-full\" src=\"http:\/\/www.kmdpower.com\/wp-content\/uploads\/Kamada-Power-48V-100Ah-Server-Rack-Battery-5kwh-10kwh-15kwh.jpg\" alt=\"Kamada Power 48V 100Ah Server Rack Battery 5kwh 10kwh 15kwh\" width=\"1000\" height=\"258\" \/><\/p>\n<p>Kamada Power Server Rack Battery Series:5kwh Server Rack Battery,7.5kWh Server Rack Battery,10kWh Server Rack Battery,15kWh Server Rack Battery\u3002\uff08<strong>V\u00edce nap\u011bt\u00ed a kapacity Server Rack Battery lze p\u0159izp\u016fsobit na m\u00edru<\/strong>\uff09<\/p>\n<p>&nbsp;<\/p>\n<\/div>\n<\/div>\n<h3 style=\"text-align: center;\">Nejd\u016fle\u017eit\u011bj\u0161\u00ed informace o produktu<\/h3>\n<p><strong>Funkce vlastn\u00edho vyh\u0159\u00edv\u00e1n\u00ed<\/strong><br \/>\nTeplota zah\u00e1jen\u00ed oh\u0159evu \u22640 \u2103, teplota ukon\u010den\u00ed oh\u0159evu \u22655 \u2103. Funkce samo\u010dinn\u00e9ho oh\u0159evu v obytn\u00fdch bateri\u00edch \u00fa\u010dinn\u011b \u0159e\u0161\u00ed probl\u00e9m zhor\u0161en\u00ed v\u00fdkonu v chladn\u00e9m po\u010das\u00ed, zaji\u0161\u0165uje spolehliv\u00fd provoz a prodlou\u017eenou \u017eivotnost i v drsn\u00fdch klimatick\u00fdch podm\u00ednk\u00e1ch, \u010d\u00edm\u017e sni\u017euje n\u00e1klady na \u00fadr\u017ebu a zvy\u0161uje celkovou \u00fa\u010dinnost skladov\u00e1n\u00ed energie.<\/p>\n<p><strong>Podpora protokol\u016f zvolen\u00fdch na z\u00e1klad\u011b vlastn\u00ed volby<\/strong><br \/>\njednoduch\u00e1 a snadn\u00e1 rychl\u00e1 integrace m\u011bni\u010d\u016f.<\/p>\n<p><strong>Monitorov\u00e1n\u00ed Bluetooth v re\u00e1ln\u00e9m \u010dase prost\u0159ednictv\u00edm aplikace<\/strong><br \/>\nMonitorov\u00e1n\u00ed Bluetooth v re\u00e1ln\u00e9m \u010dase prost\u0159ednictv\u00edm aplikace pro dom\u00e1c\u00ed baterie \u0159e\u0161\u00ed bolestiv\u00fd probl\u00e9m omezen\u00e9ho p\u0159ehledu a kontroly nad spot\u0159ebou energie a nab\u00edz\u00ed pohodln\u00fd a okam\u017eit\u00fd p\u0159\u00edstup k optimalizaci spot\u0159eby energie a \u00fa\u010dinnosti ukl\u00e1d\u00e1n\u00ed.<\/p>\n<p><strong>Baterie LiFePO4<\/strong><br \/>\nBaterie LiFePO4 maj\u00ed pro serverov\u00e9 stojany v\u00fdznamn\u00e9 v\u00fdhody: poskytuj\u00ed dlouhou \u017eivotnost a\u017e 10 let, v\u00fdjime\u010dnou bezpe\u010dnost s vysokou tepelnou stabilitou a st\u00e1l\u00fd v\u00fdkon se stabiln\u00edm nap\u011bt\u00edm. Jsou energeticky vydatn\u011bj\u0161\u00ed a kompaktn\u011bj\u0161\u00ed ne\u017e tradi\u010dn\u00ed baterie, \u0161etrn\u011bj\u0161\u00ed k \u017eivotn\u00edmu prost\u0159ed\u00ed a vy\u017eaduj\u00ed minim\u00e1ln\u00ed \u00fadr\u017ebu. Nav\u00edc podporuj\u00ed rychl\u00e9 nab\u00edjen\u00ed, \u010d\u00edm\u017e zlep\u0161uj\u00ed odezvu a \u00fa\u010dinnost syst\u00e9mu.<\/p>\n<p><strong>Spojen\u00ed stejnosm\u011brn\u00fdm nebo st\u0159\u00eddav\u00fdm proudem, v s\u00edti nebo mimo ni<\/strong><br \/>\nSpojen\u00ed stejnosm\u011brn\u00e9ho nebo st\u0159\u00eddav\u00e9ho proudu pro obytn\u00e9 baterie \u0159e\u0161\u00ed va\u0161e pot\u0159eby pro spr\u00e1vu energie a spolehliv\u00e9 z\u00e1lo\u017en\u00ed nap\u00e1jen\u00ed, a\u0165 u\u017e v s\u00edti nebo mimo ni, \u010d\u00edm\u017e zvy\u0161uje energetickou nez\u00e1vislost a spolehlivost.<\/p>\n<p><strong>S\u00e9rie Paraleln\u00ed<\/strong><br \/>\nBaterie kamada Power Server Rack podporuje 16 s\u00e9riov\u00fdch a paraleln\u00edch p\u0159ipojen\u00ed, \u010d\u00edm\u017e spl\u0148uje pot\u0159eby r\u016fzn\u00fdch aplikac\u00ed d\u00edky flexibiln\u00edm a \u0161k\u00e1lovateln\u00fdm konfigurac\u00edm pro optimalizovan\u00fd v\u00fdkon a n\u00e1kladovou efektivitu \u0159e\u0161en\u00ed pro ukl\u00e1d\u00e1n\u00ed energie.<\/p>\n<p>&nbsp;<\/p>\n<h3 style=\"text-align: center;\">Podrobnosti o baterii Kamada Power 48V 200Ah pro serverov\u00e9 stojany<\/h3>\n<p><img loading=\"lazy\" decoding=\"async\" class=\"aligncenter wp-image-1225 size-full\" src=\"http:\/\/www.kmdpower.com\/wp-content\/uploads\/Kamada-Power-48V-100Ah-Server-Rack-Battery-Details.jpg\" alt=\"Kamada Power 48V 100Ah Server Rack Battery Podrobnosti\" width=\"1000\" height=\"426\" \/><\/p>\n<p style=\"text-align: center;\"><strong>Podrobnosti o baterii Kamada Power Server Rack<\/strong>:Pozitivn\u00ed elektroda, displej, negativn\u00ed elektroda, sp\u00edna\u010d, RS485, RS232, CAN, tla\u010d\u00edtko nap\u00e1jen\u00ed<\/p>\n<div>\n<p>&nbsp;<\/p>\n<h3 style=\"text-align: center;\">Spolehliv\u00fd syst\u00e9m BMS Ultra Saftey<\/h3>\n<p><img loading=\"lazy\" decoding=\"async\" class=\"aligncenter wp-image-1283 size-full\" src=\"http:\/\/www.kmdpower.com\/wp-content\/uploads\/Kamada-Power-Battery-BMS.jpg\" alt=\"Kamada Power Battery BMS\" width=\"1000\" height=\"401\" \/><\/p>\n<p style=\"text-align: left;\">Syst\u00e9m BMS pro baterie Kamada Power Server Rack zaji\u0161\u0165uje bezpe\u010dn\u00fd provoz p\u0159i extr\u00e9mn\u00edch teplot\u00e1ch, zabra\u0148uje p\u0159eb\u00edjen\u00ed a vyb\u00edjen\u00ed, prodlu\u017euje \u017eivotnost baterie a poskytuje spolehliv\u00fd v\u00fdkon d\u00edky efektivn\u00edmu nab\u00edjen\u00ed a vyb\u00edjen\u00ed. Obsahuje tak\u00e9 nadproudovou a zkratovou ochranu pro bezpe\u010dnost syst\u00e9mu a nab\u00edz\u00ed u\u017eivatel\u016fm mo\u017enosti aktivn\u00edho nebo pasivn\u00edho vyva\u017eov\u00e1n\u00ed pro optimalizaci v\u00fdkonu baterie a energetick\u00e9 \u00fa\u010dinnosti.<\/p>\n<p>&nbsp;<\/p>\n<h3 style=\"text-align: center;\">Kompatibiln\u00ed s m\u011bni\u010dem Kamada Power Battery Inverter<\/h3>\n<p style=\"text-align: center;\">kompatibiln\u00ed s 91% m\u011bni\u010d\u016f na trhu.<\/p>\n<p><img loading=\"lazy\" decoding=\"async\" class=\"aligncenter wp-image-1288 size-full\" src=\"http:\/\/www.kmdpower.com\/wp-content\/uploads\/Kamada-Power-Battery-Inverter-Compatible-X01.jpg\" alt=\"Kamada Nap\u00e1jec\u00ed m\u011bni\u010d bateri\u00ed Kompatibiln\u00ed X01\" width=\"1000\" height=\"552\" \/><\/p>\n<p style=\"text-align: center;\"><strong>V\u00fdrobky Kamada Power Battery jsou kompatibiln\u00ed s 91% m\u011bni\u010di zna\u010dek na trhu<\/strong><\/p>\n<p>SMA,SRNE,IMEON ENGERGY,ZUCCHETTI,Ingeteam,AiSWEI,victron energy,must,moixa,megarevo,deye,growatt,studer,selectronic, voltronic power,sofar solar,sermatec,gmde,effekta,westernco,sungrow,luxpower,morningstar,delios,sungrow,luxpower,zna\u010dky st\u0159\u00edda\u010d\u016f. voltronic power,sofar solar,sermatec,gmde,effekta,westernco,sungrow,luxpower,morningstar,delios,sunosynk,aeca,saj,solarmax,redback. invt,goodwe,solis,mlt,livoltek,eneiqy,solaxpower,opti-solar,kehua tech.(.<strong>N\u00ed\u017ee je uveden pouze \u010d\u00e1ste\u010dn\u00fd seznam zna\u010dek st\u0159\u00edda\u010d\u016f<\/strong>)<\/p>\n<p>&nbsp;<\/p>\n<h3 style=\"text-align: center;\">Sch\u00e9ma zapojen\u00ed baterie Kamada Power 48V 200Ah pro serverov\u00e9 stojany<\/h3>\n<p><img loading=\"lazy\" decoding=\"async\" class=\"aligncenter wp-image-1224 size-full\" src=\"http:\/\/www.kmdpower.com\/wp-content\/uploads\/Kamada-Power-48V-100Ah-Server-Rack-Battery-Connection-Diagram-004.jpg\" alt=\"Sch\u00e9ma zapojen\u00ed baterie Kamada Power 48V 100Ah pro serverov\u00e9 stojany\" width=\"1000\" height=\"428\" \/><\/p>\n<p>&nbsp;<\/p>\n<h3 style=\"text-align: center;\">Sc\u00e9n\u00e1\u0159 pou\u017eit\u00ed bateri\u00ed Kamada Power Server Rack<\/h3>\n<p><img loading=\"lazy\" decoding=\"async\" class=\"aligncenter wp-image-1354 size-full\" src=\"http:\/\/www.kmdpower.com\/wp-content\/uploads\/kamada-powerwall-battery-application-scenario-.jpg\" alt=\"sc\u00e9n\u00e1\u0159 pou\u017eit\u00ed baterie kamada powerwall\" width=\"1000\" height=\"462\" \/><\/p>\n<p><strong>Kamada Power Server Rack Battery Lze pou\u017e\u00edt v n\u00e1sleduj\u00edc\u00edch sc\u00e9n\u00e1\u0159\u00edch pou\u017eit\u00ed:<\/strong><\/p>\n<p><strong>Slune\u010dn\u00ed soustava:<\/strong> Uchov\u00e1vejte sol\u00e1rn\u00ed energii pro st\u00e1l\u00e9 nap\u00e1jen\u00ed ve dne i v noci.<br \/>\n<strong>Cestov\u00e1n\u00ed obytn\u00fdm vozem:<\/strong> Poskytnout p\u0159enosn\u00e9 \u00falo\u017ei\u0161t\u011b energie na cesty.<br \/>\n<strong>Lod\u011b \/ lodn\u00ed doprava:<\/strong> Zajist\u011bte si nep\u0159etr\u017eit\u00e9 nap\u00e1jen\u00ed b\u011bhem plavby nebo kotven\u00ed.<br \/>\n<strong>Mimo s\u00ed\u0165:<\/strong> Z\u016fsta\u0148te ve spojen\u00ed se spolehliv\u00fdm z\u00e1lo\u017en\u00edm nap\u00e1jen\u00edm na vzd\u00e1len\u00fdch m\u00edstech.<\/p>\n<p>&nbsp;<\/p>\n<h3 style=\"text-align: center;\">Pro\u010d si vybrat Kamada Power OEM ODM pro va\u0161e bateriov\u00e9 produkty?<\/h3>\n<p><strong>T\u011bchto probl\u00e9m\u016f s vlastn\u00edmi bateriemi se nemus\u00edte ob\u00e1vat!<\/strong><br \/>\nNeschopnost splnit va\u0161e po\u017eadavky na baterie na m\u00edru, dlouh\u00e1 doba v\u00fdroby, pomal\u00e1 dodac\u00ed lh\u016fta, neefektivn\u00ed komunikace, \u017e\u00e1dn\u00e1 z\u00e1ruka kvality, nekonkurenceschopn\u00e1 cena v\u00fdrobk\u016f a \u0161patn\u00e9 zku\u0161enosti se servisem jsou tyto probl\u00e9my!<\/p>\n<p><strong>S\u00edla profesionality!<\/strong><br \/>\nObslou\u017eili jsme tis\u00edce z\u00e1kazn\u00edk\u016f z r\u016fzn\u00fdch pr\u016fmyslov\u00fdch odv\u011btv\u00ed a p\u0159izp\u016fsobili jsme tis\u00edce bateriov\u00fdch produkt\u016f! V\u00edme, jak d\u016fle\u017eit\u00e1 je hloubkov\u00e1 komunikace pot\u0159eb, zn\u00e1me bateriov\u00e9 v\u00fdrobky od n\u00e1vrhu a\u017e po s\u00e9riovou v\u00fdrobu r\u016fzn\u00fdch technick\u00fdch v\u00fdzev a probl\u00e9m\u016f a v\u00edme, jak tyto probl\u00e9my rychle a efektivn\u011b \u0159e\u0161it!<\/p>\n<p><strong>Vyv\u00edjejte efektivn\u00ed \u0159e\u0161en\u00ed bateri\u00ed na m\u00edru!<\/strong><br \/>\nV reakci na va\u0161e pot\u0159eby t\u00fdkaj\u00edc\u00ed se bateri\u00ed na m\u00edru v\u00e1m speci\u00e1ln\u011b p\u0159id\u011bl\u00edme projektov\u00fd t\u00fdm pro technologii bateri\u00ed, kter\u00fd v\u00e1m poskytne slu\u017eby 1:1. Budeme s v\u00e1mi d\u016fkladn\u011b komunikovat o odv\u011btv\u00ed, sc\u00e9n\u00e1\u0159\u00edch, po\u017eadavc\u00edch, bolestiv\u00fdch bodech, v\u00fdkonu a funk\u010dnosti a vyvineme vlastn\u00ed \u0159e\u0161en\u00ed bateri\u00ed.<\/p>\n<p><strong>Rychl\u00e9 dod\u00e1n\u00ed zak\u00e1zkov\u00e9 v\u00fdroby bateri\u00ed!<\/strong><br \/>\nJsme agiln\u00ed a rychl\u00ed, abychom v\u00e1m pomohli od n\u00e1vrhu bateri\u00ed, p\u0159es odb\u011br vzork\u016f bateri\u00ed a\u017e po jejich s\u00e9riovou v\u00fdrobu. Dos\u00e1hn\u011bte rychl\u00e9ho n\u00e1vrhu v\u00fdrobku, rychl\u00e9 v\u00fdroby a zpracov\u00e1n\u00ed, rychl\u00e9ho dod\u00e1n\u00ed a expedice, nejlep\u0161\u00ed kvality a v\u00fdrobn\u00ed ceny bateri\u00ed na zak\u00e1zku!<\/p>\n<p><strong>Pom\u016f\u017ee v\u00e1m rychle vyu\u017e\u00edt p\u0159\u00edle\u017eitost na trhu s bateriemi pro ukl\u00e1d\u00e1n\u00ed energie!<\/strong><br \/>\nSpole\u010dnost Kamada Power v\u00e1m pom\u016f\u017ee rychle dos\u00e1hnout diferencovan\u00fdch bateriov\u00fdch produkt\u016f na m\u00edru, zlep\u0161it konkurenceschopnost v\u00fdrobk\u016f a pomoci v\u00e1m rychle z\u00edskat vedouc\u00ed postaven\u00ed na trhu s bateriemi pro ukl\u00e1d\u00e1n\u00ed energie.<\/p>\n<p>&nbsp;<\/p>\n<h3 style=\"text-align: center;\">Shenzhen Kamada Electronic Co., Ltd<br \/>\nV\u00fdstava Kamada Power<\/h3>\n<p><img loading=\"lazy\" decoding=\"async\" class=\"aligncenter wp-image-1297 size-full\" src=\"http:\/\/www.kmdpower.com\/wp-content\/uploads\/Kamada-Power-Exhibition-Shenzhen-Kamada-Electronic-Co-Ltd.png\" alt=\"V\u00fdstava Kamada Power Shenzhen Kamada Electronic Co Ltd\" width=\"1920\" height=\"841\" \/><\/p>\n<p>&nbsp;<\/p>\n<h3 style=\"text-align: center;\">Certifikace v\u00fdrobc\u016f nap\u00e1jec\u00edch bateri\u00ed Kamada<\/h3>\n<p><img loading=\"lazy\" decoding=\"async\" class=\"aligncenter wp-image-1285 size-full\" src=\"http:\/\/www.kmdpower.com\/wp-content\/uploads\/Kamada-Power-Battery-Certification.png\" alt=\"Certifikace v\u00fdrobc\u016f nap\u00e1jec\u00edch bateri\u00ed Kamada\" width=\"1344\" height=\"462\" \/><\/p>\n<p>&nbsp;<\/p>\n<h3 style=\"text-align: center;\">Kamada Power V\u00fdrobci lithium-iontov\u00fdch bateri\u00ed Tov\u00e1rn\u00ed v\u00fdrobn\u00ed proces<\/h3>\n<p><img loading=\"lazy\" decoding=\"async\" class=\"aligncenter wp-image-1323 size-full\" src=\"http:\/\/www.kmdpower.com\/wp-content\/uploads\/Kamada-Power-Lithium-ion-Battery-Manufacturers-Factory-Production-Process-02.jpg\" alt=\"V\u00fdrobci lithium-iontov\u00fdch bateri\u00ed Kamada Power V\u00fdrobn\u00ed proces 02\" width=\"1000\" height=\"517\" \/><\/p>\n<p>&nbsp;<\/p>\n<h3 style=\"text-align: center;\">V\u00fdrobci nap\u00e1jec\u00edch bateri\u00ed Kamada<\/h3>\n<p><img loading=\"lazy\" decoding=\"async\" class=\"aligncenter wp-image-1324 size-full\" src=\"http:\/\/www.kmdpower.com\/wp-content\/uploads\/Kamada-Power-Lithium-ion-Battery-Manufacturers-Factory-Show.jpg\" alt=\"Kamada Power V\u00fdrobci lithium-iontov\u00fdch bateri\u00ed Factory Show\" width=\"1000\" height=\"584\" \/><\/p>\n<p>Kamada Power Battery Factory vyr\u00e1b\u00ed v\u0161echny typy bateri\u00ed na m\u00edru: dom\u00e1c\u00ed sol\u00e1rn\u00ed baterie, baterie pro n\u00edzkorychlostn\u00ed vozidla (golfov\u00e9 baterie, baterie pro obytn\u00e1 vozidla, olov\u011bn\u00e9 lithiov\u00e9 baterie, baterie pro elektrick\u00e9 voz\u00edky, baterie pro vysokozdvi\u017en\u00e9 voz\u00edky), lodn\u00ed baterie, baterie pro v\u00fdletn\u00ed lod\u011b, vysokonap\u011b\u0165ov\u00e9 baterie, stohovan\u00e9 baterie,\u00a0<strong><a title=\"V\u00fdrobci sod\u00edkov\u00fdch bateri\u00ed\" href=\"http:\/\/www.kmdpower.com\/cs\/sodium-ion-battery-manufacturers\/\" target=\"_blank\" rel=\"noopener\">Sod\u00edkov\u00e9 iontov\u00e9 baterie<\/a>,\u00a0<a href=\"http:\/\/www.kmdpower.com\/cs\/commercial-energy-storage-systems\/\" target=\"_blank\" rel=\"noopener\">pr\u016fmyslov\u00e9 a komer\u010dn\u00ed syst\u00e9my skladov\u00e1n\u00ed energie<\/a><\/strong><\/p>\n<p>&nbsp;<\/p>\n<\/div>","protected":false},"excerpt":{"rendered":"<ul>\n<li><strong>Model:<\/strong>\u00a010Kwh stojanov\u00e1 baterie 48V 200Ah lifepo4 pro skladov\u00e1n\u00ed energie pro pou\u017eit\u00ed na stavb\u00e1ch telecomu<\/li>\n<li><strong>Hmotnost:<\/strong>\u00a045KGS<\/li>\n<li><strong>Rozm\u011bry:<\/strong>\u00a0485*442*177 mm<\/li>\n<li><strong>Certifik\u00e1t:<\/strong>\u00a0CE\/UN38.3\/MSDS<\/li>\n<li><strong>V\u00fdrobci bateri\u00ed do serverov\u00fdch stojan\u016f:<\/strong>\u00a0Kamada Power<\/li>\n<li><strong>Typ baterie:<\/strong>\u00a0Baterie LiFePO4<\/li>\n<li><strong>Z\u00e1kladn\u00ed funkce:<\/strong>\u00a0Bluetooth, Automatick\u00e9 vyt\u00e1p\u011bn\u00ed, P\u0159izp\u016fsoben\u00e1 aplikace<\/li>\n<li><strong>Podpora bateri\u00ed:<\/strong>\u00a0Velkoobchod, OEM.ODM 48V 200Ah Server Rack Battery<\/li>\n<li><strong>Z\u00e1ruka:<\/strong>\u00a05 let<\/li>\n<li><strong>Doba dod\u00e1n\u00ed:<\/strong>\u00a07-14 dn\u00ed pro vzorky, 35-60 dn\u00ed pro s\u00e9riovou v\u00fdrobu<\/li>\n<li><strong>Podpora velkoobchodu, distributor\u016f a OEM ODM bateri\u00ed na zak\u00e1zku. Pros\u00edm,\u00a0<a title=\"Kontakt Kamada Power\" href=\"https:\/\/www.kmdpower.com\/cs\/contact-us\/\" target=\"_blank\" rel=\"noopener\">Kontaktujte n\u00e1s<\/a>!<\/strong><\/li>\n<\/ul>","protected":false},"featured_media":1583,"template":"","meta":{"rank_math_lock_modified_date":false,"_kad_post_transparent":"default","_kad_post_title":"","_kad_post_layout":"default","_kad_post_sidebar_id":"","_kad_post_content_style":"default","_kad_post_vertical_padding":"default","_kad_post_feature":"","_kad_post_feature_position":"","_kad_post_header":false,"_kad_post_footer":false},"product_cat":[17,29],"product_tag":[84,114,127,130,131,132,159,170,171,235,249,288,295,307,308,309,310,311,312,313,314,315,320,424,425,426,427,430,531,532,590,49,54,50,642,643,644,656,657,658,659,660,661,686,687,718,738,739,995,77,996,997,998,999,1000,1001,1002,1003,1004,1005,1006,1007,1008,1009,1010,1011,1012,1013,1014,1015,1016,1017,1018,1027,1028,1029,1030,1031,1032,1033,1034,78,1035,1036,1037,1038,1039,1040,1041,1042,1043,1044,1045,1047,1048,1049,1050,1051,1052,1053,1057,1058,1059,1060,1106,1116,1117,1118,1134,1135,1136,1137,1138,1139,1147,1148,1149,1150,1151,1152,1159,1160,1161,1162,1163,1164,1165,1166,1167,1168,1169,1170,1171,1172,1173,1174,1175,1176,1177,1178,1179],"class_list":{"0":"post-2304","1":"product","2":"type-product","3":"status-publish","4":"has-post-thumbnail","6":"product_cat-home-energy-storage-system","7":"product_cat-solar-batteries","8":"product_tag-10-kw-battery-storage","9":"product_tag-12-volt-server-rack-battery","10":"product_tag-12v-battery-rack","11":"product_tag-12v-server-rack-battery","12":"product_tag-12v-server-rack-lifepo4","13":"product_tag-12v-server-rack-lifepo4-battery","14":"product_tag-24-volt-server-rack-battery","15":"product_tag-24v-rack-mount-battery","16":"product_tag-24v-server-rack-battery","17":"product_tag-48-volt-server-rack-battery","18":"product_tag-48v-100ah-rack-battery","19":"product_tag-48v-battery-rack","20":"product_tag-48v-lifepo4-server-rack-battery","21":"product_tag-48v-rack-battery","22":"product_tag-48v-rack-mount-battery","23":"product_tag-48v-rack-mount-lithium-battery","24":"product_tag-48v-rack-mount-power-supply","25":"product_tag-48v-rack-mounted-solar-batteries-factory","26":"product_tag-48v-server","27":"product_tag-48v-server-battery","28":"product_tag-48v-server-power-supply","29":"product_tag-48v-server-rack-battery","30":"product_tag-48vdc-power-supply-rack-mount","31":"product_tag-battery-rack","32":"product_tag-battery-rack-12v","33":"product_tag-battery-rack-for-solar-system","34":"product_tag-battery-server-rack","35":"product_tag-budget-server-rack-lifepo4","36":"product_tag-eg4-server-rack-battery","37":"product_tag-eg4-server-rack-battery-12v","38":"product_tag-life-power-4-server-rack-battery","39":"product_tag-lifepo4-200ah","40":"product_tag-lifepo4-48v","41":"product_tag-lifepo4-battery","42":"product_tag-lifepo4-battery-rack","43":"product_tag-lifepo4-battery-rack-mount","44":"product_tag-lifepo4-battery-server-rack","45":"product_tag-lifepo4-rack","46":"product_tag-lifepo4-rack-battery","47":"product_tag-lifepo4-rack-mount","48":"product_tag-lifepo4-server-battery","49":"product_tag-lifepo4-server-rack","50":"product_tag-lifepo4-server-rack-battery","51":"product_tag-lithium-battery-rack","52":"product_tag-lithium-battery-rack-mount","53":"product_tag-lithium-ion-battery-rack","54":"product_tag-lithium-rack-battery","55":"product_tag-lithium-server-rack-battery","56":"product_tag-rack-batteries","57":"product_tag-rack-battery","58":"product_tag-rack-battery-lifepo4","59":"product_tag-rack-for-battery","60":"product_tag-rack-lifepo4","61":"product_tag-rack-lifepo4-battery","62":"product_tag-rack-lithium-battery","63":"product_tag-rack-mount-48v-battery","64":"product_tag-rack-mount-48vdc-power-supply","65":"product_tag-rack-mount-batteries","66":"product_tag-rack-mount-battery","67":"product_tag-rack-mount-battery-lifepo4","68":"product_tag-rack-mount-lifepo4","69":"product_tag-rack-mount-lifepo4-battery","70":"product_tag-rack-mount-lithium-battery","71":"product_tag-rack-mount-power-supply-12v","72":"product_tag-rack-mount-solar-battery","73":"product_tag-rack-mount-solar-battery-suppliers","74":"product_tag-rack-mount-ups-lithium","75":"product_tag-rack-mounted-battery","76":"product_tag-rack-mounted-lithium-battery","77":"product_tag-rackmount-battery","78":"product_tag-rackmount-lifepo4","79":"product_tag-rackmount-lifepo4-battery","80":"product_tag-rackmount-lithium-battery","81":"product_tag-server-batteries","82":"product_tag-server-battery","83":"product_tag-server-battery-pack","84":"product_tag-server-battery-rack","85":"product_tag-server-lithium-battery","86":"product_tag-server-rack-batteri","87":"product_tag-server-rack-batteries","88":"product_tag-server-rack-batteries-lifepo4","89":"product_tag-server-rack-battery","90":"product_tag-server-rack-battery-12v","91":"product_tag-server-rack-battery-24v","92":"product_tag-server-rack-battery-48v","93":"product_tag-server-rack-battery-backup","94":"product_tag-server-rack-battery-for-solar","95":"product_tag-server-rack-battery-lifepo4","96":"product_tag-server-rack-battery-pack","97":"product_tag-server-rack-battery-solar","98":"product_tag-server-rack-lifepo4","99":"product_tag-server-rack-lifepo4-12v","100":"product_tag-server-rack-lifepo4-24v","101":"product_tag-server-rack-lifepo4-batteries","102":"product_tag-server-rack-lifepo4-battery","103":"product_tag-server-rack-lifepo4-solar-batteries","104":"product_tag-server-rack-lifepo4-solar-battery","105":"product_tag-server-rack-lithium-battery","106":"product_tag-server-rack-lithium-iron-phosphate-battery","107":"product_tag-server-rack-solar-battery","108":"product_tag-solar-battery-rack","109":"product_tag-solar-battery-racks","110":"product_tag-solar-battery-server-rack","111":"product_tag-solar-battery-storage-rack","112":"product_tag-what-is-a-server-rack-battery","113":"product_tag-wholesale-48v-server-battery","114":"product_tag-wholesale-48v-server-battery-factories","115":"product_tag-wholesale-48v-server-battery-manufacturer","116":"product_tag-wholesale-lifepo4-battery-rack","117":"product_tag-wholesale-lifepo4-battery-rack-factories","118":"product_tag-wholesale-lifepo4-battery-rack-factory","119":"product_tag-wholesale-lifepo4-battery-rack-manufacturer","120":"product_tag-wholesale-lifepo4-battery-rack-manufacturers","121":"product_tag-wholesale-lifepo4-battery-rack-suppliers","122":"product_tag-wholesale-lifepo4-rack-factories","123":"product_tag-wholesale-lifepo4-rack-factory","124":"product_tag-wholesale-lifepo4-rack-manufacturer","125":"product_tag-wholesale-lifepo4-rack-manufacturers","126":"product_tag-wholesale-lifepo4-rack-supplier","127":"product_tag-wholesale-lifepo4-rack-suppliers","128":"product_tag-wholesale-rack-mount-lifepo4-battery-factories","129":"product_tag-wholesale-rack-mount-lifepo4-battery-factory","130":"product_tag-wholesale-rack-mount-lifepo4-battery-manufacturer","131":"product_tag-wholesale-rack-mount-lifepo4-battery-supplier","132":"product_tag-wholesale-server-batteries-factories","133":"product_tag-wholesale-server-batteries-manufacturer","134":"product_tag-wholesale-server-batteries-supplier","135":"product_tag-wholesale-server-batteries-suppliers","136":"product_tag-wholesale-server-battery-pack","137":"product_tag-wholesale-server-battery-pack-factories","138":"product_tag-wholesale-server-battery-pack-manufacturer","139":"product_tag-wholesale-server-battery-pack-manufacturers","140":"product_tag-wholesale-server-battery-pack-supplier","141":"product_tag-wholesale-server-rack-battery-factories","142":"product_tag-wholesale-server-rack-battery-factory","143":"product_tag-wholesale-server-rack-battery-manufacturer","144":"product_tag-wholesale-server-rack-battery-suppliers","145":"product_tag-wholesale-server-rack-lifepo4-factories","146":"product_tag-wholesale-server-rack-lifepo4-factory","147":"product_tag-wholesale-server-rack-lifepo4-manufacturer","148":"product_tag-wholesale-server-rack-lifepo4-manufacturers","150":"first","151":"instock","152":"shipping-taxable","153":"product-type-simple","154":"entry","155":"content-bg","156":"loop-entry"},"_links":{"self":[{"href":"https:\/\/www.kmdpower.com\/cs\/wp-json\/wp\/v2\/product\/2304","targetHints":{"allow":["GET"]}}],"collection":[{"href":"https:\/\/www.kmdpower.com\/cs\/wp-json\/wp\/v2\/product"}],"about":[{"href":"https:\/\/www.kmdpower.com\/cs\/wp-json\/wp\/v2\/types\/product"}],"version-history":[{"count":3,"href":"https:\/\/www.kmdpower.com\/cs\/wp-json\/wp\/v2\/product\/2304\/revisions"}],"predecessor-version":[{"id":3164,"href":"https:\/\/www.kmdpower.com\/cs\/wp-json\/wp\/v2\/product\/2304\/revisions\/3164"}],"wp:featuredmedia":[{"embeddable":true,"href":"https:\/\/www.kmdpower.com\/cs\/wp-json\/wp\/v2\/media\/1583"}],"wp:attachment":[{"href":"https:\/\/www.kmdpower.com\/cs\/wp-json\/wp\/v2\/media?parent=2304"}],"wp:term":[{"taxonomy":"product_cat","embeddable":true,"href":"https:\/\/www.kmdpower.com\/cs\/wp-json\/wp\/v2\/product_cat?post=2304"},{"taxonomy":"product_tag","embeddable":true,"href":"https:\/\/www.kmdpower.com\/cs\/wp-json\/wp\/v2\/product_tag?post=2304"}],"curies":[{"name":"wp","href":"https:\/\/api.w.org\/{rel}","templated":true}]}}