{"id":2244,"date":"2024-10-14T06:33:57","date_gmt":"2024-10-14T06:33:57","guid":{"rendered":"http:\/\/www.kmdpower.com\/?post_type=product&#038;p=2244"},"modified":"2025-01-18T09:37:18","modified_gmt":"2025-01-18T09:37:18","slug":"most-popular-50ah-25kwh-10kwh-15kwh-6000cycles-20kwh-solar-100ah-lifepo4-growatt-ark-hv-battery-product","status":"publish","type":"product","link":"https:\/\/www.kmdpower.com\/cs\/most-popular-50ah-25kwh-10kwh-15kwh-6000cycles-20kwh-solar-100ah-lifepo4-growatt-ark-hv-battery-product\/","title":{"rendered":"Nejobl\u00edben\u011bj\u0161\u00ed 50Ah 25Kwh 10Kwh 15Kwh 6000 cykl\u016f 20Kwh Sol\u00e1rn\u00ed 100Ah Lifepo4 Growatt Ark Hv baterie"},"content":{"rendered":"<p><a href=\"https:\/\/www.kmdpower.com\/cs\/contact-us\/\"><img fetchpriority=\"high\" decoding=\"async\" class=\"aligncenter\" src=\"http:\/\/www.kmdpower.com\/wp-content\/uploads\/Contact-US-Kamada-Power-Shenzhen-Kamada-Electronic-Co-Ltd.jpg\" alt=\"\" width=\"1000\" height=\"200\" \/><\/a><\/p>\n<p><img decoding=\"async\" class=\"aligncenter wp-image-1305 size-full\" src=\"http:\/\/www.kmdpower.com\/wp-content\/uploads\/Kamada-Power-High-Voltage-Battery-001.jpg\" alt=\"Kamada Power Vysokonap\u011b\u0165ov\u00e1 baterie 001\" width=\"1000\" height=\"414\" \/><\/p>\n<h3 style=\"text-align: center;\">Kamada Power 50Ah 25Kwh 10Kwh 15Kwh 20Kwh Sol\u00e1rn\u00ed 100Ah Lifepo4 Growatt Ark Hv baterie<\/h3>\n<p><img decoding=\"async\" class=\"aligncenter wp-image-1306 size-full\" src=\"http:\/\/www.kmdpower.com\/wp-content\/uploads\/Kamada-Power-High-Voltage-Battery-002.jpg\" alt=\"Vysokonap\u011b\u0165ov\u00e1 baterie Kamada Power 002\" width=\"1000\" height=\"788\" \/><\/p>\n<h3 style=\"text-align: center;\">Funkce ekvalizace\uff08Aktivn\u00ed nebo pasivn\u00ed voliteln\u011b)<\/h3>\n<p>&nbsp;<\/p>\n<p><img loading=\"lazy\" decoding=\"async\" class=\"aligncenter wp-image-978 size-full\" src=\"http:\/\/www.kmdpower.com\/wp-content\/uploads\/Active-Equalization-Function-and-Active-Passive-Optional-0.png\" alt=\"Funkce aktivn\u00ed ekvalizace a voliteln\u00e1 aktivn\u00ed pasivn\u00ed funkce 0\" width=\"1000\" height=\"246\" \/><\/p>\n<div>\n<h3 style=\"text-align: center;\">Kamada Power Vlastn\u00ed vysokonap\u011b\u0165ov\u00e1 baterie<\/h3>\n<p><img loading=\"lazy\" decoding=\"async\" class=\"aligncenter wp-image-1307 size-full\" src=\"http:\/\/www.kmdpower.com\/wp-content\/uploads\/Kamada-Power-High-Voltage-Battery-003.jpg\" alt=\"Vysokonap\u011b\u0165ov\u00e1 baterie Kamada Power 003\" width=\"1000\" height=\"455\" \/><\/p>\n<\/div>\n<div>\n<p style=\"text-align: center;\">Kamada Power Custom 10.24kWh,15.36kWh,20.48kWh,25.75kWh,30.72kWh,35.84kWh,40.96kWh Vysokonap\u011b\u0165ov\u00e1 baterie<\/p>\n<p>Objevte s\u00edlu na\u0161\u00ed vysokonap\u011b\u0165ov\u00e9 stohovateln\u00e9 baterie Kamada Power navr\u017een\u00e9 pro \u0161pi\u010dkov\u00fd v\u00fdkon a spolehlivost. Tyto baterie vybaven\u00e9 pokro\u010dilou technologi\u00ed LiFePO4 nab\u00edzej\u00ed v\u00edce ne\u017e 6 000 cykl\u016f a vysokou \u00fa\u010dinnost 95%. Tato technologie zaji\u0161\u0165uje dlouhodobou \u017eivotnost a optim\u00e1ln\u00ed vyu\u017eit\u00ed energie, co\u017e je ide\u00e1ln\u00ed pro obytn\u00e9 i komer\u010dn\u00ed aplikace. U\u017e\u00edvejte si nep\u0159etr\u017eit\u00e9 nap\u00e1jen\u00ed d\u00edky na\u0161\u00ed stohovateln\u00e9 modul\u00e1rn\u00ed konstrukci, kterou lze roz\u0161\u00ed\u0159it a\u017e na 100 kWh, co\u017e zaji\u0161\u0165uje flexibilitu a spolehlivost. Na\u0161e baterie jsou vybaveny \u0161pi\u010dkov\u00fdm syst\u00e9mem spr\u00e1vy bateri\u00ed (BMS) pro zv\u00fd\u0161en\u00ed bezpe\u010dnosti a v\u00fdkonu. Upgradujte na na\u0161e vysokonap\u011b\u0165ov\u00e9 \u0159e\u0161en\u00ed a za\u017eijte bezkonkuren\u010dn\u00ed energetickou \u00fa\u010dinnost a spolehlivost.<\/p>\n<\/div>\n<p>&nbsp;<\/p>\n<p>&nbsp;<\/p>\n<div>\n<div>\n<h3 style=\"text-align: center;\">Nejd\u016fle\u017eit\u011bj\u0161\u00ed informace o produktu<\/h3>\n<p><strong>Stabiln\u00ed v\u00fdkon<\/strong><br \/>\nVyu\u017e\u00edv\u00e1 vysoce v\u00fdkonnou baterii Lifepo4 s v\u00edce ne\u017e 6 000 cykly a \u00fa\u010dinnost\u00ed 95%.<br \/>\nJe vybaven pokro\u010dil\u00fdm syst\u00e9mem spr\u00e1vy bateri\u00ed (BMS) Kamada Power pro zv\u00fd\u0161en\u00ed bezpe\u010dnosti.<\/p>\n<p><strong>Stohovateln\u00fd a kompaktn\u00ed design<\/strong><br \/>\nIntegrace s obnoviteln\u00fdmi zdroji energie pro optimalizaci vlastn\u00ed spot\u0159eby a sn\u00ed\u017een\u00ed z\u00e1vislosti na s\u00edti.<br \/>\nPoskytuje spolehliv\u00e9 z\u00e1lo\u017en\u00ed nap\u00e1jen\u00ed a podporuje udr\u017eiteln\u00fd \u017eivotn\u00ed styl d\u00edky kompaktn\u00edmu a efektivn\u00edmu designu.<\/p>\n<p><strong>Mo\u017enost roz\u0161\u00ed\u0159en\u00ed na 100 kWH<\/strong><br \/>\nModul\u00e1rn\u00ed konstrukce umo\u017e\u0148uje flexibiln\u00ed roz\u0161\u00ed\u0159en\u00ed a\u017e na 100 kWH.<br \/>\nRozsah nap\u011bt\u00ed od 102,4 V (2 moduly) do 409,6 V (8 modul\u016f) p\u0159i s\u00e9riov\u00e9m zapojen\u00ed.<\/p>\n<p><strong>Pokro\u010dil\u00fd syst\u00e9m BMS<\/strong><br \/>\nMonitoruje nap\u011bt\u00ed, mezn\u00ed hodnoty proudu a stav nabit\u00ed.<br \/>\nObsahuje bezpe\u010dnostn\u00ed prvky pro zaji\u0161t\u011bn\u00ed optim\u00e1ln\u00edho v\u00fdkonu a dlouh\u00e9 \u017eivotnosti baterie.<\/p>\n<p><strong>Bezpe\u010dnost a spolehlivost<\/strong><br \/>\nFlexibiln\u00ed, \u0161k\u00e1lovateln\u00e1 konstrukce s monitorov\u00e1n\u00edm v re\u00e1ln\u00e9m \u010dase.<br \/>\nJe vybaven samoregenera\u010dn\u00ed technologi\u00ed pro zv\u00fd\u0161en\u00ed bezpe\u010dnosti a kontroly.<\/p>\n<\/div>\n<p>&nbsp;<\/p>\n<h3 style=\"text-align: center;\">Spolehliv\u00fd syst\u00e9m BMS Ultra Saftey<\/h3>\n<p><img loading=\"lazy\" decoding=\"async\" class=\"aligncenter wp-image-1283 size-full\" src=\"http:\/\/www.kmdpower.com\/wp-content\/uploads\/Kamada-Power-Battery-BMS.jpg\" alt=\"Kamada Power Battery BMS\" width=\"1000\" height=\"401\" \/><\/p>\n<p style=\"text-align: left;\">Kamada Power 50Ah 25Kwh 10Kwh 15Kwh 6000Cycles 20Kwh Solar 100Ah Lifepo4 Growatt Ark Hv Battery BMS zaji\u0161\u0165uje bezpe\u010dn\u00fd provoz p\u0159i extr\u00e9mn\u00edch teplot\u00e1ch, zabra\u0148uje p\u0159eb\u00edjen\u00ed a vyb\u00edjen\u00ed, prodlu\u017euje \u017eivotnost baterie a poskytuje spolehliv\u00fd v\u00fdkon s efektivn\u00edm nab\u00edjen\u00edm a vyb\u00edjen\u00edm. Obsahuje tak\u00e9 nadproudovou a zkratovou ochranu pro bezpe\u010dnost syst\u00e9mu a nab\u00edz\u00ed u\u017eivatel\u016fm mo\u017enosti aktivn\u00edho nebo pasivn\u00edho vyva\u017eov\u00e1n\u00ed pro optimalizaci v\u00fdkonu baterie a energetick\u00e9 \u00fa\u010dinnosti.<\/p>\n<p>&nbsp;<\/p>\n<h3 style=\"text-align: center;\">Kompatibiln\u00ed s m\u011bni\u010dem Kamada Power Battery Inverter<\/h3>\n<p style=\"text-align: center;\">kompatibiln\u00ed s 91% m\u011bni\u010d\u016f na trhu.<\/p>\n<p><img loading=\"lazy\" decoding=\"async\" class=\"aligncenter wp-image-1288 size-full\" src=\"http:\/\/www.kmdpower.com\/wp-content\/uploads\/Kamada-Power-Battery-Inverter-Compatible-X01.jpg\" alt=\"Kamada Nap\u00e1jec\u00ed m\u011bni\u010d bateri\u00ed Kompatibiln\u00ed X01\" width=\"1000\" height=\"552\" \/><\/p>\n<p style=\"text-align: center;\"><strong>V\u00fdrobky Kamada Power Battery jsou kompatibiln\u00ed s 91% m\u011bni\u010di zna\u010dek na trhu<\/strong><\/p>\n<p>SMA,SRNE,IMEON ENGERGY,ZUCCHETTI,Ingeteam,AiSWEI,victron energy,must,moixa,megarevo,deye,growatt,studer,selectronic, voltronic power,sofar solar,sermatec,gmde,effekta,westernco,sungrow,luxpower,morningstar,delios,sungrow,luxpower,zna\u010dky st\u0159\u00edda\u010d\u016f. voltronic power,sofar solar,sermatec,gmde,effekta,westernco,sungrow,luxpower,morningstar,delios,sunosynk,aeca,saj,solarmax,redback. invt,goodwe,solis,mlt,livoltek,eneiqy,solaxpower,opti-solar,kehua tech.(.<strong>N\u00ed\u017ee je uveden pouze \u010d\u00e1ste\u010dn\u00fd seznam zna\u010dek st\u0159\u00edda\u010d\u016f<\/strong>)<\/p>\n<p>&nbsp;<\/p>\n<p>&nbsp;<\/p>\n<h3 style=\"text-align: center;\">Sch\u00e9ma p\u0159ipojen\u00ed vysokonap\u011b\u0165ov\u00e9 baterie Kamada Power<\/h3>\n<p><img loading=\"lazy\" decoding=\"async\" class=\"aligncenter wp-image-1308 size-full\" src=\"http:\/\/www.kmdpower.com\/wp-content\/uploads\/Kamada-Power-High-Voltage-Battery-004.jpg\" alt=\"Vysokonap\u011b\u0165ov\u00e1 baterie Kamada Power 004\" width=\"1000\" height=\"515\" \/><\/p>\n<p>&nbsp;<\/p>\n<h3 style=\"text-align: center;\">Sc\u00e9n\u00e1\u0159 pou\u017eit\u00ed nap\u00e1jec\u00ed baterie Kamada<\/h3>\n<p><img loading=\"lazy\" decoding=\"async\" class=\"aligncenter wp-image-1309 size-full\" src=\"http:\/\/www.kmdpower.com\/wp-content\/uploads\/Kamada-Power-High-Voltage-Battery-005.jpg\" alt=\"Vysokonap\u011b\u0165ov\u00e1 baterie Kamada Power 005\" width=\"1000\" height=\"541\" \/><\/p>\n<p style=\"text-align: left;\"><strong>Kamada Power Vysokonap\u011b\u0165ov\u00e1 baterie Pou\u017eit\u00ed:<\/strong> dom\u00e1c\u00ed skladov\u00e1n\u00ed energie, pr\u016fmyslov\u00e9 skladov\u00e1n\u00ed energie, poskytuj\u00ed nouzov\u00e9 z\u00e1lo\u017en\u00ed nap\u00e1jen\u00ed, UPS power bank, Inverter power bank, \u017eelezni\u010dn\u00ed power bank, telekomunika\u010dn\u00ed nap\u00e1jec\u00ed syst\u00e9m, l\u00e9ka\u0159sk\u00e1 elektronika, komer\u010dn\u00ed z\u00e1kladnov\u00e9 stanice,, bezpe\u010dnostn\u00ed komunikace, dopravn\u00ed logistika a tak d\u00e1le<\/p>\n<p>&nbsp;<\/p>\n<h3 style=\"text-align: center;\">Pro\u010d si vybrat Kamada Power OEM ODM pro va\u0161e bateriov\u00e9 produkty?<\/h3>\n<p><strong>T\u011bchto probl\u00e9m\u016f s vlastn\u00edmi bateriemi se nemus\u00edte ob\u00e1vat!<\/strong><br \/>\nNeschopnost splnit va\u0161e po\u017eadavky na baterie na m\u00edru, dlouh\u00e1 doba v\u00fdroby, pomal\u00e1 dodac\u00ed lh\u016fta, neefektivn\u00ed komunikace, \u017e\u00e1dn\u00e1 z\u00e1ruka kvality, nekonkurenceschopn\u00e1 cena v\u00fdrobk\u016f a \u0161patn\u00e9 zku\u0161enosti se servisem jsou tyto probl\u00e9my!<\/p>\n<p><strong>S\u00edla profesionality!<\/strong><br \/>\nObslou\u017eili jsme tis\u00edce z\u00e1kazn\u00edk\u016f z r\u016fzn\u00fdch pr\u016fmyslov\u00fdch odv\u011btv\u00ed a p\u0159izp\u016fsobili jsme tis\u00edce bateriov\u00fdch produkt\u016f! V\u00edme, jak d\u016fle\u017eit\u00e1 je hloubkov\u00e1 komunikace pot\u0159eb, zn\u00e1me bateriov\u00e9 v\u00fdrobky od n\u00e1vrhu a\u017e po s\u00e9riovou v\u00fdrobu r\u016fzn\u00fdch technick\u00fdch v\u00fdzev a probl\u00e9m\u016f a v\u00edme, jak tyto probl\u00e9my rychle a efektivn\u011b \u0159e\u0161it!<\/p>\n<p><strong>Vyv\u00edjejte efektivn\u00ed \u0159e\u0161en\u00ed bateri\u00ed na m\u00edru!<\/strong><br \/>\nV reakci na va\u0161e pot\u0159eby t\u00fdkaj\u00edc\u00ed se bateri\u00ed na m\u00edru v\u00e1m speci\u00e1ln\u011b p\u0159id\u011bl\u00edme projektov\u00fd t\u00fdm pro technologii bateri\u00ed, kter\u00fd v\u00e1m poskytne slu\u017eby 1:1. Budeme s v\u00e1mi d\u016fkladn\u011b komunikovat o odv\u011btv\u00ed, sc\u00e9n\u00e1\u0159\u00edch, po\u017eadavc\u00edch, bolestiv\u00fdch bodech, v\u00fdkonu a funk\u010dnosti a vyvineme vlastn\u00ed \u0159e\u0161en\u00ed bateri\u00ed.<\/p>\n<p><strong>Rychl\u00e9 dod\u00e1n\u00ed zak\u00e1zkov\u00e9 v\u00fdroby bateri\u00ed!<\/strong><br \/>\nJsme agiln\u00ed a rychl\u00ed, abychom v\u00e1m pomohli od n\u00e1vrhu bateri\u00ed, p\u0159es odb\u011br vzork\u016f bateri\u00ed a\u017e po jejich s\u00e9riovou v\u00fdrobu. Dos\u00e1hn\u011bte rychl\u00e9ho n\u00e1vrhu v\u00fdrobku, rychl\u00e9 v\u00fdroby a zpracov\u00e1n\u00ed, rychl\u00e9ho dod\u00e1n\u00ed a expedice, nejlep\u0161\u00ed kvality a v\u00fdrobn\u00ed ceny bateri\u00ed na zak\u00e1zku!<\/p>\n<p><strong>Pom\u016f\u017ee v\u00e1m rychle vyu\u017e\u00edt p\u0159\u00edle\u017eitost na trhu s bateriemi pro ukl\u00e1d\u00e1n\u00ed energie!<\/strong><br \/>\nSpole\u010dnost Kamada Power v\u00e1m pom\u016f\u017ee rychle dos\u00e1hnout diferencovan\u00fdch bateriov\u00fdch produkt\u016f na m\u00edru, zlep\u0161it konkurenceschopnost v\u00fdrobk\u016f a pomoci v\u00e1m rychle z\u00edskat vedouc\u00ed postaven\u00ed na trhu s bateriemi pro ukl\u00e1d\u00e1n\u00ed energie.<\/p>\n<p>&nbsp;<\/p>\n<h3 style=\"text-align: center;\">Shenzhen Kamada Electronic Co., Ltd<br \/>\nV\u00fdstava Kamada Power<\/h3>\n<p><img loading=\"lazy\" decoding=\"async\" class=\"aligncenter wp-image-1297 size-full\" src=\"http:\/\/www.kmdpower.com\/wp-content\/uploads\/Kamada-Power-Exhibition-Shenzhen-Kamada-Electronic-Co-Ltd.png\" alt=\"V\u00fdstava Kamada Power Shenzhen Kamada Electronic Co Ltd\" width=\"1920\" height=\"841\" \/><\/p>\n<p>&nbsp;<\/p>\n<h3 style=\"text-align: center;\">Certifikace v\u00fdrobc\u016f nap\u00e1jec\u00edch bateri\u00ed Kamada<\/h3>\n<p><img loading=\"lazy\" decoding=\"async\" class=\"aligncenter wp-image-1285 size-full\" src=\"http:\/\/www.kmdpower.com\/wp-content\/uploads\/Kamada-Power-Battery-Certification.png\" alt=\"Certifikace v\u00fdrobc\u016f nap\u00e1jec\u00edch bateri\u00ed Kamada\" width=\"1344\" height=\"462\" \/><\/p>\n<p>&nbsp;<\/p>\n<h3 style=\"text-align: center;\">Kamada Power V\u00fdrobci lithium-iontov\u00fdch bateri\u00ed Tov\u00e1rn\u00ed v\u00fdrobn\u00ed proces<\/h3>\n<p><img loading=\"lazy\" decoding=\"async\" class=\"aligncenter wp-image-1323 size-full\" src=\"http:\/\/www.kmdpower.com\/wp-content\/uploads\/Kamada-Power-Lithium-ion-Battery-Manufacturers-Factory-Production-Process-02.jpg\" alt=\"V\u00fdrobci lithium-iontov\u00fdch bateri\u00ed Kamada Power V\u00fdrobn\u00ed proces 02\" width=\"1000\" height=\"517\" \/><\/p>\n<p>&nbsp;<\/p>\n<h3 style=\"text-align: center;\">V\u00fdrobci nap\u00e1jec\u00edch bateri\u00ed Kamada<\/h3>\n<p><img loading=\"lazy\" decoding=\"async\" class=\"aligncenter wp-image-1324 size-full\" src=\"http:\/\/www.kmdpower.com\/wp-content\/uploads\/Kamada-Power-Lithium-ion-Battery-Manufacturers-Factory-Show.jpg\" alt=\"Kamada Power V\u00fdrobci lithium-iontov\u00fdch bateri\u00ed Factory Show\" width=\"1000\" height=\"584\" \/><\/p>\n<p>Kamada Power Battery Factory vyr\u00e1b\u00ed v\u0161echny typy bateri\u00ed na m\u00edru: dom\u00e1c\u00ed sol\u00e1rn\u00ed baterie, baterie pro n\u00edzkorychlostn\u00ed vozidla (golfov\u00e9 baterie, baterie pro obytn\u00e1 vozidla, olov\u011bn\u00e9 lithiov\u00e9 baterie, baterie pro elektrick\u00e9 voz\u00edky, baterie pro vysokozdvi\u017en\u00e9 voz\u00edky), lodn\u00ed baterie, baterie pro v\u00fdletn\u00ed lod\u011b, vysokonap\u011b\u0165ov\u00e9 baterie, stohovan\u00e9 baterie,\u00a0<strong><a title=\"V\u00fdrobci sod\u00edkov\u00fdch bateri\u00ed\" href=\"http:\/\/www.kmdpower.com\/cs\/sodium-ion-battery-manufacturers\/\" target=\"_blank\" rel=\"noopener\">Sod\u00edkov\u00e9 iontov\u00e9 baterie<\/a>,\u00a0<a href=\"http:\/\/www.kmdpower.com\/cs\/commercial-energy-storage-systems\/\" target=\"_blank\" rel=\"noopener\">pr\u016fmyslov\u00e9 a komer\u010dn\u00ed syst\u00e9my skladov\u00e1n\u00ed energie<\/a><\/strong><\/p>\n<p>&nbsp;<\/p>\n<\/div>","protected":false},"excerpt":{"rendered":"<ul>\n<li><strong>Model:<\/strong>\u00a050Ah 25Kwh 10Kwh 15Kwh 6000 cykl\u016f 20Kwh Sol\u00e1rn\u00ed 100Ah Lifepo4 Growatt Ark Hv baterie<\/li>\n<li><strong>\u017divotnost cyklu:<\/strong>\u00a06000 kr\u00e1t<\/li>\n<li><strong>Hmotnost:<\/strong>\u00a0306KGS<\/li>\n<li><strong>Rozm\u011bry:<\/strong>\u00a01575*661*391 mm<\/li>\n<li><strong>Certifik\u00e1t:<\/strong>\u00a0CE\/UN38.3\/MSDS<\/li>\n<li><strong>V\u00fdrobci vysokonap\u011b\u0165ov\u00fdch bateri\u00ed:<\/strong>\u00a0Kamada Power<\/li>\n<li><strong>Typ baterie:<\/strong>\u00a0Baterie LiFePO4<\/li>\n<li><strong>Podpora bateri\u00ed:<\/strong>\u00a0Velkoobchod, OEM.ODM Vysokonap\u011b\u0165ov\u00e9 baterie<\/li>\n<li><strong>Z\u00e1ruka:<\/strong>\u00a010 let<\/li>\n<li><strong>Doba dod\u00e1n\u00ed:<\/strong>\u00a07-14 dn\u00ed pro vzorky, 35-60 dn\u00ed pro s\u00e9riovou v\u00fdrobu<\/li>\n<li><strong>Podpora velkoobchodu, distributor\u016f a OEM ODM bateri\u00ed na zak\u00e1zku. Pros\u00edm,\u00a0<a title=\"Kontakt Kamada Power\" href=\"https:\/\/www.kmdpower.com\/cs\/contact-us\/\" target=\"_blank\" rel=\"noopener\">Kontaktujte n\u00e1s<\/a>!<\/strong><\/li>\n<\/ul>","protected":false},"featured_media":1484,"template":"","meta":{"rank_math_lock_modified_date":false,"_kad_post_transparent":"default","_kad_post_title":"","_kad_post_layout":"default","_kad_post_sidebar_id":"","_kad_post_content_style":"default","_kad_post_vertical_padding":"default","_kad_post_feature":"","_kad_post_feature_position":"","_kad_post_header":false,"_kad_post_footer":false},"product_cat":[31,17],"product_tag":[85,86,87,88,89,93,94,95,96,97,98,99,100,101,102,103,104,105,106,107,112,135,137,138,139,140,141,142,153,154,155,156,157,158,268,487,514,521,596,676,756,757,830,831,904,943,944,945,989,1108,1109,1110,1130,1131,1132,1133],"class_list":{"0":"post-2244","1":"product","2":"type-product","3":"status-publish","4":"has-post-thumbnail","6":"product_cat-stacked-battery","7":"product_cat-home-energy-storage-system","8":"product_tag-10-kw-lithium-battery","9":"product_tag-10-kw-lithium-battery-pack","10":"product_tag-10-kw-solar-battery","11":"product_tag-10-kwh-lithium-battery","12":"product_tag-10-kwh-lithium-ion-battery","13":"product_tag-10kw-battery","14":"product_tag-10kw-battery-pack","15":"product_tag-10kw-home-battery","16":"product_tag-10kw-lifepo4-battery","17":"product_tag-10kw-lithium-battery","18":"product_tag-10kw-lithium-ion-battery","19":"product_tag-10kw-powerwall","20":"product_tag-10kw-solar-battery","21":"product_tag-10kwh-48v-lifepo4","22":"product_tag-10kwh-48v-lifepo4-manufacturer","23":"product_tag-10kwh-51-2-v-200ah-lifepo4-lithium-battery","24":"product_tag-10kwh-lifepo4-battery","25":"product_tag-10kwh-lithium-battery","26":"product_tag-10kwh-lithium-battery-48v","27":"product_tag-10kwh-solar-battery","28":"product_tag-12-kwh-lithium-ion-battery","29":"product_tag-13kw-solar-battery","30":"product_tag-15kw-battery-bank","31":"product_tag-15kw-battery-storage","32":"product_tag-15kw-lithium-ion-battery","33":"product_tag-15kw-solar-storage-batteries","34":"product_tag-15kwh-battery","35":"product_tag-15kwh-battery-bank","36":"product_tag-20kw-battery","37":"product_tag-20kw-battery-bank","38":"product_tag-20kw-battery-inverter","39":"product_tag-20kw-battery-storage","40":"product_tag-20kw-lifepo4-battery","41":"product_tag-20kw-powerwall","42":"product_tag-48v-200ah-to-kwh","43":"product_tag-customized-10kwh-lifepo4-battery","44":"product_tag-customized-lifepo4-10kwh","45":"product_tag-customized-lithium-ion-battery-10kwh","46":"product_tag-lifepo4-10kwh","47":"product_tag-lithium-battery-10-kwh","48":"product_tag-odm-10kwh-lifepo4-battery-manufacturer","49":"product_tag-odm-10kwh-lifepo4-battery-supplier","50":"product_tag-odm-lifepo4-10kwh-manufacturer","51":"product_tag-odm-lifepo4-10kwh-supplier","52":"product_tag-oem-10kwh-lifepo4-battery-manufacturer","53":"product_tag-oem-lifepo4-10kwh","54":"product_tag-oem-lifepo4-10kwh-manufacturer","55":"product_tag-oem-lifepo4-10kwh-supplier","56":"product_tag-powerwall-15kw","57":"product_tag-wholesale-10kw-lithium-ion-battery-manufacturer","58":"product_tag-wholesale-13kw-solar-battery-factories","59":"product_tag-wholesale-13kw-solar-battery-manufacturers","60":"product_tag-wholesale-lifepo4-10kwh-factories","61":"product_tag-wholesale-lifepo4-10kwh-factory","62":"product_tag-wholesale-lifepo4-10kwh-manufacturers","63":"product_tag-wholesale-lifepo4-10kwh-suppliers","65":"first","66":"instock","67":"shipping-taxable","68":"product-type-simple","69":"entry","70":"content-bg","71":"loop-entry"},"_links":{"self":[{"href":"https:\/\/www.kmdpower.com\/cs\/wp-json\/wp\/v2\/product\/2244","targetHints":{"allow":["GET"]}}],"collection":[{"href":"https:\/\/www.kmdpower.com\/cs\/wp-json\/wp\/v2\/product"}],"about":[{"href":"https:\/\/www.kmdpower.com\/cs\/wp-json\/wp\/v2\/types\/product"}],"version-history":[{"count":3,"href":"https:\/\/www.kmdpower.com\/cs\/wp-json\/wp\/v2\/product\/2244\/revisions"}],"predecessor-version":[{"id":2246,"href":"https:\/\/www.kmdpower.com\/cs\/wp-json\/wp\/v2\/product\/2244\/revisions\/2246"}],"wp:featuredmedia":[{"embeddable":true,"href":"https:\/\/www.kmdpower.com\/cs\/wp-json\/wp\/v2\/media\/1484"}],"wp:attachment":[{"href":"https:\/\/www.kmdpower.com\/cs\/wp-json\/wp\/v2\/media?parent=2244"}],"wp:term":[{"taxonomy":"product_cat","embeddable":true,"href":"https:\/\/www.kmdpower.com\/cs\/wp-json\/wp\/v2\/product_cat?post=2244"},{"taxonomy":"product_tag","embeddable":true,"href":"https:\/\/www.kmdpower.com\/cs\/wp-json\/wp\/v2\/product_tag?post=2244"}],"curies":[{"name":"wp","href":"https:\/\/api.w.org\/{rel}","templated":true}]}}