{"id":3493,"date":"2024-12-29T14:25:00","date_gmt":"2024-12-29T14:25:00","guid":{"rendered":"http:\/\/www.kmdpower.com\/?page_id=3493"},"modified":"2025-02-04T17:54:33","modified_gmt":"2025-02-04T17:54:33","slug":"about","status":"publish","type":"page","link":"https:\/\/www.kmdpower.com\/cs\/about-us-2\/","title":{"rendered":"O str\u00e1nk\u00e1ch"},"content":{"rendered":"<div data-elementor-type=\"wp-page\" data-elementor-id=\"3493\" class=\"elementor elementor-3493\" data-elementor-post-type=\"page\">\n\t\t\t\t<div class=\"elementor-element elementor-element-d1b6cf2 e-flex e-con-boxed e-con e-parent\" data-id=\"d1b6cf2\" data-element_type=\"container\" data-settings=\"{&quot;_ha_eqh_enable&quot;:&quot;yes&quot;,&quot;_ha_eqh_to&quot;:&quot;widget&quot;,&quot;_ha_eqh_disable_on_tablet&quot;:&quot;no&quot;,&quot;_ha_eqh_disable_on_mobile&quot;:&quot;yes&quot;}\">\n\t\t\t\t\t<div class=\"e-con-inner\">\n\t\t<div class=\"elementor-element elementor-element-96cb284 e-con-full e-flex e-con e-child\" data-id=\"96cb284\" data-element_type=\"container\" data-settings=\"{&quot;_ha_eqh_enable&quot;:&quot;yes&quot;,&quot;_ha_eqh_to&quot;:&quot;widget&quot;,&quot;_ha_eqh_disable_on_tablet&quot;:&quot;no&quot;,&quot;_ha_eqh_disable_on_mobile&quot;:&quot;yes&quot;}\">\n\t\t\t\t<div class=\"elementor-element elementor-element-dccf2df elementor-widget elementor-widget-heading\" data-id=\"dccf2df\" data-element_type=\"widget\" data-widget_type=\"heading.default\">\n\t\t\t\t<div class=\"elementor-widget-container\">\n\t\t\t<h2 class=\"elementor-heading-title elementor-size-default\">Shenzhen Kamada Electronic Co., Ltd<\/h2>\t\t<\/div>\n\t\t\t\t<\/div>\n\t\t\t\t<div class=\"elementor-element elementor-element-65b0ea7 elementor-widget elementor-widget-text-editor\" data-id=\"65b0ea7\" data-element_type=\"widget\" data-widget_type=\"text-editor.default\">\n\t\t\t\t<div class=\"elementor-widget-container\">\n\t\t\t\t\t\t\t<p>Shenzhen Kamada Electronic Co., Ltd. je high-tech podnik specializuj\u00edc\u00ed se na v\u00fdzkum a v\u00fdvoj, v\u00fdrobu a prodej lithium-\u017eelezo fosf\u00e1tov\u00e9 baterie pro syst\u00e9m skladov\u00e1n\u00ed energie, komer\u010dn\u00ed syst\u00e9my skladov\u00e1n\u00ed energie, sod\u00edkov\u00e9 iontov\u00e9 baterie, \u0159e\u0161en\u00ed n\u00e1hradn\u00edch bateri\u00ed.<\/p><p>Na\u0161e v\u00fdrobky jsou kvalifikov\u00e1ny s ISO9001, UL, CB, IEC62133, CE, ROHS, UN38.3 a MSDS standard a \u0161iroce se vztahuj\u00ed na komer\u010dn\u00ed syst\u00e9my skladov\u00e1n\u00ed energie, sod\u00edkov\u00e9 iontov\u00e9 baterie, sol\u00e1rn\u00ed dom\u00e1c\u00ed skladovac\u00ed syst\u00e9m, UPS, golfov\u00fd voz\u00edk, voz\u00edk, jachta ryb\u00e1\u0159sk\u00fd \u010dlun, vysokozdvi\u017en\u00fd voz\u00edk a dal\u0161\u00ed p\u0159izp\u016fsoben\u00e9 oblasti bateri\u00ed, Na\u0161e t\u00fdmy v\u00fdzkumu a v\u00fdvoje jsou schopny pro v\u00fdzkum a v\u00fdvoj hardwaru a softwaru.<\/p><p>Spole\u010dnost Kamada Power m\u00e1 vynikaj\u00edc\u00ed t\u00fdm in\u017een\u00fdr\u016f s bohat\u00fdmi zku\u0161enostmi s v\u00fdvojem bateri\u00ed a v\u017edy v\u011bnuje pozornost nejnov\u011bj\u0161\u00edmu v\u00fdvoji v oblasti lithiov\u00fdch bateri\u00ed a nejnov\u011bj\u0161\u00edm aplikac\u00edm.<\/p><p>V sou\u010dasn\u00e9 dob\u011b podporujeme r\u016fzn\u00e1 \u0159e\u0161en\u00ed bateri\u00ed na m\u00edru RS485\/RS232\/CANBUS\/Bluetooth, aktivn\u00ed vyrovn\u00e1v\u00e1n\u00ed, samozah\u0159\u00edv\u00e1n\u00ed bateri\u00ed, vyb\u00edjen\u00ed a nab\u00edjen\u00ed p\u0159i vysok\u00fdch a n\u00edzk\u00fdch teplot\u00e1ch.Sou\u010dasn\u011b m\u00e1 skupinu profesion\u00e1ln\u00edch t\u00fdm\u016f pro \u0159\u00edzen\u00ed v\u00fdroby a kvality, kter\u00e9 p\u0159\u00edsn\u011b kontroluj\u00ed v\u00fdrobn\u00ed proces na ka\u017ed\u00e9m kroku.<\/p>\t\t\t\t\t\t<\/div>\n\t\t\t\t<\/div>\n\t\t\t\t<\/div>\n\t\t<div class=\"elementor-element elementor-element-336b48d e-con-full e-flex e-con e-child\" data-id=\"336b48d\" data-element_type=\"container\" data-settings=\"{&quot;_ha_eqh_enable&quot;:&quot;yes&quot;,&quot;_ha_eqh_to&quot;:&quot;widget&quot;,&quot;_ha_eqh_disable_on_tablet&quot;:&quot;no&quot;,&quot;_ha_eqh_disable_on_mobile&quot;:&quot;yes&quot;}\">\n\t\t\t\t<div class=\"elementor-element elementor-element-c966210 elementor-widget elementor-widget-image\" data-id=\"c966210\" data-element_type=\"widget\" data-widget_type=\"image.default\">\n\t\t\t\t<div class=\"elementor-widget-container\">\n\t\t\t\t\t\t\t\t\t\t\t\t\t<img fetchpriority=\"high\" decoding=\"async\" width=\"1024\" height=\"768\" src=\"https:\/\/www.kmdpower.com\/wp-content\/uploads\/factory-tour6.jpg\" class=\"attachment-large size-large wp-image-1068\" alt=\"Kamada Power Battery Factory\" \/>\t\t\t\t\t\t\t\t\t\t\t\t\t<\/div>\n\t\t\t\t<\/div>\n\t\t\t\t<\/div>\n\t\t\t\t\t<\/div>\n\t\t\t\t<\/div>\n\t\t<div class=\"elementor-element elementor-element-5d46f0c e-flex e-con-boxed e-con e-parent\" data-id=\"5d46f0c\" data-element_type=\"container\" data-settings=\"{&quot;_ha_eqh_enable&quot;:false}\">\n\t\t\t\t\t<div class=\"e-con-inner\">\n\t\t\t\t<div class=\"elementor-element elementor-element-4acbe64 elementor-widget elementor-widget-heading\" data-id=\"4acbe64\" data-element_type=\"widget\" data-widget_type=\"heading.default\">\n\t\t\t\t<div class=\"elementor-widget-container\">\n\t\t\t<h2 class=\"elementor-heading-title elementor-size-default\">V\u00fdstava nap\u00e1jec\u00edch bateri\u00ed Kamada\n<\/h2>\t\t<\/div>\n\t\t\t\t<\/div>\n\t\t\t\t<div class=\"elementor-element elementor-element-c2c227b elementor-widget elementor-widget-image\" data-id=\"c2c227b\" data-element_type=\"widget\" data-widget_type=\"image.default\">\n\t\t\t\t<div class=\"elementor-widget-container\">\n\t\t\t\t\t\t\t\t\t\t\t\t\t<img decoding=\"async\" width=\"1024\" height=\"449\" src=\"https:\/\/www.kmdpower.com\/wp-content\/uploads\/kamada-power-lithium-battery-manufacturer-exhibition-.jpg\" class=\"attachment-large size-large wp-image-1319\" alt=\"v\u00fdstava v\u00fdrobce lithiov\u00fdch bateri\u00ed kamada power\" \/>\t\t\t\t\t\t\t\t\t\t\t\t\t<\/div>\n\t\t\t\t<\/div>\n\t\t\t\t\t<\/div>\n\t\t\t\t<\/div>\n\t\t<div class=\"elementor-element elementor-element-c1f2c31 e-flex e-con-boxed e-con e-parent\" data-id=\"c1f2c31\" data-element_type=\"container\" data-settings=\"{&quot;_ha_eqh_enable&quot;:false}\">\n\t\t\t\t\t<div class=\"e-con-inner\">\n\t\t\t\t<div class=\"elementor-element elementor-element-20d8717 elementor-widget elementor-widget-heading\" data-id=\"20d8717\" data-element_type=\"widget\" data-widget_type=\"heading.default\">\n\t\t\t\t<div class=\"elementor-widget-container\">\n\t\t\t<h2 class=\"elementor-heading-title elementor-size-default\">Certifikace<\/h2>\t\t<\/div>\n\t\t\t\t<\/div>\n\t\t\t\t<div class=\"elementor-element elementor-element-eb50d01 elementor-widget elementor-widget-image\" data-id=\"eb50d01\" data-element_type=\"widget\" data-widget_type=\"image.default\">\n\t\t\t\t<div class=\"elementor-widget-container\">\n\t\t\t\t\t\t\t\t\t\t\t\t\t<img decoding=\"async\" width=\"1024\" height=\"352\" src=\"https:\/\/www.kmdpower.com\/wp-content\/uploads\/kamada-power-battery-certification.jpg\" class=\"attachment-large size-large wp-image-1284\" alt=\"v\u00fdstava v\u00fdrobce lithiov\u00fdch bateri\u00ed kamada power\" \/>\t\t\t\t\t\t\t\t\t\t\t\t\t<\/div>\n\t\t\t\t<\/div>\n\t\t\t\t\t<\/div>\n\t\t\t\t<\/div>\n\t\t<div class=\"elementor-element elementor-element-e350556 e-flex e-con-boxed e-con e-parent\" data-id=\"e350556\" data-element_type=\"container\" data-settings=\"{&quot;_ha_eqh_enable&quot;:false}\">\n\t\t\t\t\t<div class=\"e-con-inner\">\n\t\t\t\t<div class=\"elementor-element elementor-element-7391998 elementor-widget elementor-widget-heading\" data-id=\"7391998\" data-element_type=\"widget\" data-widget_type=\"heading.default\">\n\t\t\t\t<div class=\"elementor-widget-container\">\n\t\t\t<h2 class=\"elementor-heading-title elementor-size-default\">V\u00fdrobci lithium-iontov\u00fdch bateri\u00ed Kamada Power<\/h2>\t\t<\/div>\n\t\t\t\t<\/div>\n\t\t\t\t<div class=\"elementor-element elementor-element-94db0c0 elementor-widget elementor-widget-image\" data-id=\"94db0c0\" data-element_type=\"widget\" data-widget_type=\"image.default\">\n\t\t\t\t<div class=\"elementor-widget-container\">\n\t\t\t\t\t\t\t\t\t\t\t\t\t<img loading=\"lazy\" decoding=\"async\" width=\"1024\" height=\"621\" src=\"https:\/\/www.kmdpower.com\/wp-content\/uploads\/Kamada-Power-Lithium-ion-Battery-Manufacturers.jpg\" class=\"attachment-large size-large wp-image-1320\" alt=\"Kamada Power V\u00fdrobci lithium-iontov\u00fdch bateri\u00ed\" \/>\t\t\t\t\t\t\t\t\t\t\t\t\t<\/div>\n\t\t\t\t<\/div>\n\t\t\t\t\t<\/div>\n\t\t\t\t<\/div>\n\t\t\t\t<\/div>","protected":false},"excerpt":{"rendered":"<p>Shenzhen Kamada Electronic Co., Ltd Shenzhen Kamada Electronic Co., Ltd. je high-tech podnik specializuj\u00edc\u00ed se na v\u00fdzkum a v\u00fdvoj, v\u00fdrobu a prodej lithium-\u017eelezo fosf\u00e1tov\u00e9 baterie pro syst\u00e9m skladov\u00e1n\u00ed energie, komer\u010dn\u00ed syst\u00e9my skladov\u00e1n\u00ed energie, sod\u00edkov\u00e9 baterie, \u0159e\u0161en\u00ed n\u00e1hradn\u00edch bateri\u00ed. Na\u0161e v\u00fdrobky jsou kvalifikov\u00e1ny podle norem ISO9001, UL, CB, IEC62133, CE, ROHS, UN38.3 a MSDS a \u0161iroce se uplat\u0148uj\u00ed v komer\u010dn\u00edch syst\u00e9mech skladov\u00e1n\u00ed energie....<\/p>","protected":false},"author":1,"featured_media":0,"parent":0,"menu_order":0,"comment_status":"closed","ping_status":"closed","template":"elementor_theme","meta":{"rank_math_lock_modified_date":false,"_kad_post_transparent":"","_kad_post_title":"hide","_kad_post_layout":"fullwidth","_kad_post_sidebar_id":"","_kad_post_content_style":"unboxed","_kad_post_vertical_padding":"hide","_kad_post_feature":"hide","_kad_post_feature_position":"","_kad_post_header":false,"_kad_post_footer":false,"footnotes":""},"class_list":["post-3493","page","type-page","status-publish","hentry"],"_links":{"self":[{"href":"https:\/\/www.kmdpower.com\/cs\/wp-json\/wp\/v2\/pages\/3493","targetHints":{"allow":["GET"]}}],"collection":[{"href":"https:\/\/www.kmdpower.com\/cs\/wp-json\/wp\/v2\/pages"}],"about":[{"href":"https:\/\/www.kmdpower.com\/cs\/wp-json\/wp\/v2\/types\/page"}],"author":[{"embeddable":true,"href":"https:\/\/www.kmdpower.com\/cs\/wp-json\/wp\/v2\/users\/1"}],"replies":[{"embeddable":true,"href":"https:\/\/www.kmdpower.com\/cs\/wp-json\/wp\/v2\/comments?post=3493"}],"version-history":[{"count":19,"href":"https:\/\/www.kmdpower.com\/cs\/wp-json\/wp\/v2\/pages\/3493\/revisions"}],"predecessor-version":[{"id":4097,"href":"https:\/\/www.kmdpower.com\/cs\/wp-json\/wp\/v2\/pages\/3493\/revisions\/4097"}],"wp:attachment":[{"href":"https:\/\/www.kmdpower.com\/cs\/wp-json\/wp\/v2\/media?parent=3493"}],"curies":[{"name":"wp","href":"https:\/\/api.w.org\/{rel}","templated":true}]}}